{"id":178,"date":"2023-09-18T14:21:49","date_gmt":"2023-09-18T14:21:49","guid":{"rendered":"https:\/\/www.e-eeasy.com\/?page_id=178"},"modified":"2023-09-18T14:21:52","modified_gmt":"2023-09-18T14:21:52","slug":"submit-your-software","status":"publish","type":"page","link":"https:\/\/www.e-eeasy.com\/de\/submit-your-software\/","title":{"rendered":"Senden Sie Ihre Software"},"content":{"rendered":"<h2 class=\"wp-block-heading\">E-Easy \u2013\u00a0<a href=\"mailto:support@e-eeasy.com\">Senden Sie Ihre Software<\/a><\/h2>\n\n\n\n<!--more-->\n\n\n\n<p>Ich biete Ihnen die M\u00f6glichkeit, Ihre kostenlose Software zum Hosten auf der e-eeasy-Website einzureichen. Es gibt Hunderte (Freenet, Download.com, TuCows, Winsite usw.), wenn nicht sogar Tausende von Software-Listenseiten. Was macht diese hier also anders? Zun\u00e4chst einmal ist e-eeasy keine Software-Listen-Website, sondern die pers\u00f6nliche Website von Paul Barlow. Der Website werden h\u00f6chstens 3 oder 4 zus\u00e4tzliche Softwareteile von Drittautoren hinzugef\u00fcgt. Mir w\u00e4re es lieber, wenn die von Ihnen eingereichte Software nicht gleichzeitig irgendwo anders im Web gehostet w\u00fcrde. Um auf die e-eeasy-Website zu gelangen, muss es wirklich etwas ganz Besonderes sein, oder vielleicht einfach nur anders?! Dies ist wirklich f\u00fcr angehende Freeware-Autoren gedacht, die ein Dienstprogramm f\u00fcr sich selbst geschrieben haben, das sie nun gerne ver\u00f6ffentlicht h\u00e4tten. Sie wissen m\u00f6glicherweise nichts \u00fcber die Freeware-Szene, Software-Einreichung, Websites oder irgendetwas anderes, solange SIE die Anwendung geschrieben haben in Kontakt kommen!<\/p>\n\n\n\n<p>Was haben Sie also davon?<\/p>\n\n\n\n<ul class=\"wp-block-list\">\n<li>Sie haben die Chance, Ihre kostenlose Software auf einer Website hosten zu lassen, die t\u00e4glich \u00fcber 3.000 einzelne Besucher hat, von denen 99% nach kostenloser Software zum Herunterladen suchen.<\/li>\n\n\n\n<li>Auf jeder Hauptseite der e-eeasy-Website wird ein Link zur Homepage Ihres Programms hinzugef\u00fcgt (die Benutzer m\u00fcssen nicht ein riesiges Verzeichnis durchsuchen, um ihn zu finden).<\/li>\n\n\n\n<li>Die Homepage Ihres Programms wird Teil der e-eeasy-Website. Sie stellen (optional) den Text bereit und ich sorge daf\u00fcr, dass er wie jede andere Seite auf der Website aussieht. Sie m\u00fcssen sich keine Gedanken \u00fcber Aussehen und Haptik usw. machen!<\/li>\n\n\n\n<li>Mithilfe von SEO-Techniken wird die Homepage Ihres Programms \u00fcber die wichtigsten Suchmaschinen wie Yahoo und Google auffindbar.<\/li>\n\n\n\n<li>Ich erstelle eine PAD-Datei und \u00fcbermittle Ihre Software an Hunderte anderer Freeware-Listenseiten.<\/li>\n\n\n\n<li>Ich werde Ihr Programm zum Download bereitstellen. Nat\u00fcrlich steht mir nur eine begrenzte Bandbreite zur Verf\u00fcgung, aber es wird meine Aufgabe sein, diese zu verwalten.<\/li>\n\n\n\n<li>Sie behalten die vollen Rechte an Ihrer Software und k\u00f6nnen diese nach Belieben entfernen.<\/li>\n\n\n\n<li><strong>Sie sind begeistert, wenn auch andere Menschen Ihre Software nutzen!<\/strong><\/li>\n<\/ul>\n\n\n\n<p>Was habe ich also davon?<\/p>\n\n\n\n<ul class=\"wp-block-list\">\n<li>Die Chance, hochwertige Software zu hosten.<\/li>\n\n\n\n<li>Mehr Zugriffe auf meine Website bedeuten mehr Downloads MEINER Software, was mich gl\u00fccklich macht!<\/li>\n\n\n\n<li>Mehr Treffer bedeuten mehr Google Adds und damit eine bessere Chance, dass diese Website jemals in der Lage ist, ihre eigenen Kosten zu decken. (Ich w\u00fcnsche!)<\/li>\n<\/ul>\n\n\n\n<p>Wenn Sie denken, dass Sie interessiert sein k\u00f6nnten, schreiben Sie mir eine Nachricht an\u00a0<strong><a href=\"mailto:support@e-eeasy.com\">support@e-eeasy.com<\/a><\/strong>\u00a0Ich gebe nur ein paar kurze Details zu dem, was Sie geschrieben haben. Ich melde mich wieder bei Ihnen und wir k\u00f6nnen von dort aus weitermachen.<\/p>","protected":false},"excerpt":{"rendered":"<p>E-Eeasy \u2013 Senden Sie Ihre Software<\/p>","protected":false},"author":1,"featured_media":0,"parent":0,"menu_order":0,"comment_status":"closed","ping_status":"closed","template":"","meta":{"footnotes":""},"class_list":["post-178","page","type-page","status-publish","hentry"],"_links":{"self":[{"href":"https:\/\/www.e-eeasy.com\/de\/wp-json\/wp\/v2\/pages\/178","targetHints":{"allow":["GET"]}}],"collection":[{"href":"https:\/\/www.e-eeasy.com\/de\/wp-json\/wp\/v2\/pages"}],"about":[{"href":"https:\/\/www.e-eeasy.com\/de\/wp-json\/wp\/v2\/types\/page"}],"author":[{"embeddable":true,"href":"https:\/\/www.e-eeasy.com\/de\/wp-json\/wp\/v2\/users\/1"}],"replies":[{"embeddable":true,"href":"https:\/\/www.e-eeasy.com\/de\/wp-json\/wp\/v2\/comments?post=178"}],"version-history":[{"count":0,"href":"https:\/\/www.e-eeasy.com\/de\/wp-json\/wp\/v2\/pages\/178\/revisions"}],"wp:attachment":[{"href":"https:\/\/www.e-eeasy.com\/de\/wp-json\/wp\/v2\/media?parent=178"}],"curies":[{"name":"wp","href":"https:\/\/api.w.org\/{rel}","templated":true}]}}