{"id":181,"date":"2023-09-18T14:25:18","date_gmt":"2023-09-18T14:25:18","guid":{"rendered":"https:\/\/www.e-eeasy.com\/?page_id=181"},"modified":"2023-09-18T14:25:21","modified_gmt":"2023-09-18T14:25:21","slug":"terms-conditions","status":"publish","type":"page","link":"https:\/\/www.e-eeasy.com\/de\/terms-conditions\/","title":{"rendered":"Terms &amp; amp; Bedingungen"},"content":{"rendered":"<h2 class=\"wp-block-heading\">ALLGEMEINE GESCH\u00c4FTSBEDINGUNGEN F\u00dcR IHRE NUTZUNG DIESER WEBSITE<\/h2>\n\n\n\n<p>Diese Website wird von SMTP Software (wir) als Portal f\u00fcr den Zugriff auf die Software einer kleinen Gruppe von Software-Experten betrieben. Obwohl wir uns bem\u00fchen, die Richtigkeit der auf dieser Website bereitgestellten Informationen sicherzustellen, \u00fcbernehmen wir keine Gew\u00e4hrleistung oder Garantie f\u00fcr die Genauigkeit oder Richtigkeit dieser Informationen oder anderer Inhalte, Beschreibungen oder Materialien, die auf dieser Website platziert sind oder auf die verwiesen wird. Wir \u00fcbernehmen keine Gew\u00e4hr daf\u00fcr, dass die Website, ihr Inhalt, die verf\u00fcgbare Software oder der Server, der sie zur Verf\u00fcgung stellt, fehler- oder virenfrei oder frei von anderen sch\u00e4dlichen Komponenten sind oder dass Ihre Nutzung dieser Website ununterbrochen erfolgt. Die gesamte Software wird vor dem Hochladen auf Viren \u00fcberpr\u00fcft.<\/p>\n\n\n\n<!--more-->\n\n\n\n<p>In keinem Fall haften wir f\u00fcr Verluste oder Sch\u00e4den (ob direkt oder indirekt, einschlie\u00dflich entgangener Gewinne oder Folgesch\u00e4den), die sich aus Ihrer Nutzung dieser Website oder der darauf verf\u00fcgbaren Software ergeben oder damit in Zusammenhang stehen, unabh\u00e4ngig davon, ob die Ursache auf Fahrl\u00e4ssigkeit zur\u00fcckzuf\u00fchren ist oder andernfalls.<\/p>\n\n\n\n<p>Die Website kann Links zu anderen Websites enthalten, deren Inhalt nicht meiner Kontrolle unterliegt. Dementsprechend k\u00f6nnen wir keine Verantwortung f\u00fcr die Materialien oder Angebote f\u00fcr Waren oder Dienstleistungen \u00fcbernehmen, die auf solchen Websites angeboten werden. Links zu solchen Websites sind nicht als Empfehlung dieser Websites oder als Garantie daf\u00fcr zu verstehen, dass diese Websites frei von Viren oder anderen sch\u00e4dlichen Elementen sind.<\/p>\n\n\n\n<p>Wenn Sie mit der Website oder deren Inhalten oder Materialien unzufrieden sind, besteht Ihr einziges Rechtsmittel darin, die Nutzung der Website einzustellen.<\/p>\n\n\n\n<p>Der geschriebene Text dieser Website liegt in der alleinigen Verantwortung von SMTP Software und steht in keiner Verbindung zu fr\u00fcheren, gegenw\u00e4rtigen oder zuk\u00fcnftigen Arbeitgebern. Der Inhalt wird entweder Tatsachen oder die Meinung von SMTP Software widerspiegeln. Wenn Sie Probleme mit der Rechtm\u00e4\u00dfigkeit schriftlicher Inhalte haben, M\u00dcSSEN Sie sich zun\u00e4chst direkt an SMTP Software wenden, um etwaige Probleme zu l\u00f6sen.<\/p>","protected":false},"excerpt":{"rendered":"<p>ALLGEMEINE GESCH\u00c4FTSBEDINGUNGEN F\u00dcR DIE NUTZUNG DIESER WEBSITE Diese Website wird von SMTP Software (wir) als Portal f\u00fcr den Zugriff auf die Software einer kleinen Gruppe von Software-Experten betrieben. Obwohl wir uns bem\u00fchen, die Richtigkeit der auf dieser Website bereitgestellten Informationen sicherzustellen, \u00fcbernehmen wir keine Gew\u00e4hrleistung oder Garantie f\u00fcr die [\u2026]<\/p>","protected":false},"author":1,"featured_media":0,"parent":0,"menu_order":0,"comment_status":"closed","ping_status":"closed","template":"","meta":{"footnotes":""},"class_list":["post-181","page","type-page","status-publish","hentry"],"_links":{"self":[{"href":"https:\/\/www.e-eeasy.com\/de\/wp-json\/wp\/v2\/pages\/181","targetHints":{"allow":["GET"]}}],"collection":[{"href":"https:\/\/www.e-eeasy.com\/de\/wp-json\/wp\/v2\/pages"}],"about":[{"href":"https:\/\/www.e-eeasy.com\/de\/wp-json\/wp\/v2\/types\/page"}],"author":[{"embeddable":true,"href":"https:\/\/www.e-eeasy.com\/de\/wp-json\/wp\/v2\/users\/1"}],"replies":[{"embeddable":true,"href":"https:\/\/www.e-eeasy.com\/de\/wp-json\/wp\/v2\/comments?post=181"}],"version-history":[{"count":0,"href":"https:\/\/www.e-eeasy.com\/de\/wp-json\/wp\/v2\/pages\/181\/revisions"}],"wp:attachment":[{"href":"https:\/\/www.e-eeasy.com\/de\/wp-json\/wp\/v2\/media?parent=181"}],"curies":[{"name":"wp","href":"https:\/\/api.w.org\/{rel}","templated":true}]}}