{"id":185,"date":"2023-09-18T14:29:23","date_gmt":"2023-09-18T14:29:23","guid":{"rendered":"https:\/\/www.e-eeasy.com\/?page_id=185"},"modified":"2023-09-18T14:29:25","modified_gmt":"2023-09-18T14:29:25","slug":"privacy-policy","status":"publish","type":"page","link":"https:\/\/www.e-eeasy.com\/de\/privacy-policy\/","title":{"rendered":"Datenschutzrichtlinie"},"content":{"rendered":"<p>Wenn Sie weitere Informationen ben\u00f6tigen oder Fragen zu unserer Datenschutzrichtlinie haben, k\u00f6nnen Sie uns gerne per E-Mail an support@e-eeasy.com kontaktieren.<\/p>\n\n\n\n<!--more-->\n\n\n\n<p>Bei www.e-eeasy.com ist uns die Privatsph\u00e4re unserer Besucher sehr wichtig. In diesem Datenschutzrichtliniendokument wird dargelegt, welche Arten personenbezogener Daten von www.e-eeasy.com empfangen und gesammelt werden und wie diese verwendet werden.<\/p>\n\n\n\n<p><strong>Protokolldateien<\/strong><br>Wie viele andere Websites verwendet auch www.e-eeasy.com Protokolldateien. Zu den Informationen in den Protokolldateien geh\u00f6ren Internetprotokolladressen (IP), Browsertyp, Internetdienstanbieter (ISP), Datums-\/Zeitstempel, Verweis-\/Ausstiegsseiten und die Anzahl der Klicks, um Trends zu analysieren, die Website zu verwalten und die Bewegungen des Benutzers zu verfolgen Sehen Sie sich auf der Website um und sammeln Sie demografische Informationen. IP-Adressen und andere derartige Informationen werden nicht mit personenbezogenen Daten verkn\u00fcpft.<\/p>\n\n\n\n<p><strong>Cookies und Web-Beacons<\/strong><br>www.e-eeasy.com verwendet Cookies, um Informationen \u00fcber Besucherpr\u00e4ferenzen zu speichern, benutzerspezifische Informationen dar\u00fcber aufzuzeichnen, auf welche Seiten der Benutzer zugreift oder sie besucht, um Webseiteninhalte basierend auf dem Browsertyp des Besuchers oder anderen Informationen, die der Besucher \u00fcber seinen Browser sendet, anzupassen .<strong>DoubleClick DART-Cookie<\/strong><\/p>\n\n\n\n<p>.:: Google verwendet als Drittanbieter Cookies, um Anzeigen auf Ihrer Website zu schalten.<br>.:: Die Verwendung des DART-Cookies durch Google erm\u00f6glicht die Schaltung von Anzeigen f\u00fcr Ihre Nutzer basierend auf deren Besuch auf Ihren Websites und anderen Websites im Internet.<br>.:: Benutzer k\u00f6nnen die Verwendung des DART-Cookies deaktivieren, indem sie die Datenschutzrichtlinie f\u00fcr Anzeigen und Content-Netzwerke von Google unter der folgenden URL aufrufen: https:\/\/www.google.com\/privacy_ads.html<\/p>\n\n\n\n<p>Einige unserer Werbepartner verwenden m\u00f6glicherweise Cookies und Web-Beacons auf unserer Website. Zu unseren Werbepartnern geh\u00f6ren \u2026\u2026.<br>Google AdSense<br>Commission Junction<br>Clickbank<br>Amazonas<br>Kontera<\/p>\n\n\n\n<p>Diese Ad-Server oder Ad-Netzwerke von Drittanbietern verwenden Technologien, um die auf www.e-eeasy.com angezeigten Anzeigen und Links direkt an Ihren Browser zu senden. In diesem Fall erhalten sie automatisch Ihre IP-Adresse. Andere Technologien (wie Cookies, JavaScript oder Web Beacons) k\u00f6nnen auch von Werbenetzwerken Dritter verwendet werden, um die Wirksamkeit ihrer Anzeigen zu messen und\/oder um die Werbeinhalte, die Sie sehen, zu personalisieren.<\/p>\n\n\n\n<p>www.e-eeasy.com hat keinen Zugriff auf oder Kontrolle \u00fcber diese Cookies, die von Drittwerbetreibenden verwendet werden.<\/p>\n\n\n\n<p>Ausf\u00fchrlichere Informationen zu deren Praktiken sowie Anweisungen zum Deaktivieren bestimmter Praktiken finden Sie in den jeweiligen Datenschutzrichtlinien dieser Drittanbieter-Adserver. Die Datenschutzrichtlinie von www.e-eeasy.com gilt nicht f\u00fcr solche anderen Werbetreibenden oder Websites und wir k\u00f6nnen deren Aktivit\u00e4ten nicht kontrollieren.<\/p>\n\n\n\n<p>Wenn Sie Cookies deaktivieren m\u00f6chten, k\u00f6nnen Sie dies \u00fcber Ihre individuellen Browseroptionen tun. Ausf\u00fchrlichere Informationen zur Cookie-Verwaltung mit bestimmten Webbrowsern finden Sie auf den jeweiligen Websites der Browser.<\/p>","protected":false},"excerpt":{"rendered":"<p>Wenn Sie weitere Informationen ben\u00f6tigen oder Fragen zu unserer Datenschutzrichtlinie haben, k\u00f6nnen Sie uns gerne per E-Mail an support@e-eeasy.com kontaktieren.<\/p>","protected":false},"author":1,"featured_media":0,"parent":0,"menu_order":0,"comment_status":"closed","ping_status":"closed","template":"","meta":{"footnotes":""},"class_list":["post-185","page","type-page","status-publish","hentry"],"_links":{"self":[{"href":"https:\/\/www.e-eeasy.com\/de\/wp-json\/wp\/v2\/pages\/185","targetHints":{"allow":["GET"]}}],"collection":[{"href":"https:\/\/www.e-eeasy.com\/de\/wp-json\/wp\/v2\/pages"}],"about":[{"href":"https:\/\/www.e-eeasy.com\/de\/wp-json\/wp\/v2\/types\/page"}],"author":[{"embeddable":true,"href":"https:\/\/www.e-eeasy.com\/de\/wp-json\/wp\/v2\/users\/1"}],"replies":[{"embeddable":true,"href":"https:\/\/www.e-eeasy.com\/de\/wp-json\/wp\/v2\/comments?post=185"}],"version-history":[{"count":0,"href":"https:\/\/www.e-eeasy.com\/de\/wp-json\/wp\/v2\/pages\/185\/revisions"}],"wp:attachment":[{"href":"https:\/\/www.e-eeasy.com\/de\/wp-json\/wp\/v2\/media?parent=185"}],"curies":[{"name":"wp","href":"https:\/\/api.w.org\/{rel}","templated":true}]}}