{"id":31,"date":"2023-08-17T15:34:52","date_gmt":"2023-08-17T15:34:52","guid":{"rendered":"https:\/\/www.e-eeasy.com\/?page_id=31"},"modified":"2023-09-18T20:53:51","modified_gmt":"2023-09-18T20:53:51","slug":"free-smtp-server-list-smtp-servers","status":"publish","type":"page","link":"https:\/\/www.e-eeasy.com\/de\/free-smtp-server-list-smtp-servers\/","title":{"rendered":"Kostenlose SMTP-Serverliste \u2013 SMTP-Server"},"content":{"rendered":"<p class=\"has-text-align-center\"><a href=\"https:\/\/www.e-eeasy.com\/SMTP2Go.php\" target=\"_blank\" rel=\"noreferrer noopener nofollow\"><strong>Ein SMTP-Server, der garantiert funktioniert<\/strong><\/a><\/p>\n\n\n\n<p><strong>DIE ORIGINAL-SMTP-SERVERLISTE \u2013 IM JAHR 2003 BEGONNEN UND VIEL KOPIERT<\/strong>\u00a0(<a href=\"https:\/\/www.smtpsoftware.com\/smtp-server-list\/\" target=\"_blank\" rel=\"noreferrer noopener\">Und nur einmal verbessert!<\/a>) Unabh\u00e4ngig davon, ob Sie E-Mails von einem POP3-Konto weiterleiten oder einfach nur eine normale alte E-Mail senden m\u00f6chten, ben\u00f6tigen Sie eine\u00a0<strong>SMTP-Server<\/strong>\u00a0um die Weiterleitung durchzuf\u00fchren. Die meisten Server werden vom Dienstanbieter kostenlos zur Verf\u00fcgung gestellt, bei einigen wie Yahoo ist jedoch eine Geb\u00fchr zu entrichten. Nachfolgend finden Sie eine ausf\u00fchrliche Beschreibung\u00a0<strong>durchsuchbare Liste von SMTP-Servern f\u00fcr verschiedene ISP- und E-Mail-Anbieter<\/strong>. Um Probleme bei der Verwendung von Easy Email Forwarding zu vermeiden, empfehlen wir dringend, den entsprechenden SMTP-Server f\u00fcr den POP3-Server zu verwenden, auf dem sich Ihr Konto befindet, dh das Konto, von dem aus Sie die E-Mail weiterleiten. Mit anderen Worten: Wenn Sie von Ihrem Hotmail-Konto aus weiterleiten m\u00f6chten, ist es immer am besten, zuerst den Hotmail-SMTP-Server zu verwenden. Sie m\u00fcssen es nicht tun, aber es ist am besten. Dies ist im Jahr 2017 f\u00fcr die garantierte Zustellbarkeit noch wichtiger!<\/p>\n\n\n\n<!--more-->\n\n\n\n<p>Neben der Nutzung Ihres E-Mail-Anbieters oder des SMTP-Servers Ihres ISP stehen Ihnen eine Reihe von Diensten zur Verf\u00fcgung, mit denen Sie deren Server nutzen k\u00f6nnen, egal wo auf der Welt Sie sich befinden. Wir empfehlen den kostenlosen&nbsp;<a href=\"https:\/\/www.e-eeasy.com\/SMTP2Go.php\" target=\"_blank\" rel=\"noreferrer noopener nofollow\">SMTP2Go Weltweiter SMTP-Server<\/a>&nbsp;(auch ideal f\u00fcr Reisende). Mit diesem Dienst k\u00f6nnen Sie E-Mails senden, ohne sich Gedanken dar\u00fcber machen zu m\u00fcssen, wo auf der Welt Sie sich befinden oder welche Ports Ihr ISP (oder Ihr Internet-Gateway) m\u00f6glicherweise blockiert. Dies ist wirklich ein recht h\u00e4ufiges Problem und einige ISPs beschr\u00e4nken ausgehende E-Mails an ihren Server \u00fcber Port 25. Ich wei\u00df, es klingt kompliziert, aber als Benutzer bemerken Sie ein Problem erst, wenn Ihr Laptop oder tragbares Ger\u00e4t den Versand Ihrer E-Mails verweigert. Der Dienst SMTP2Go umgeht dies auf ganz einfache Weise und erm\u00f6glicht es Ihnen, in jedem Programm und auf jedem Ger\u00e4t die gleichen Einstellungen f\u00fcr Ihre E-Mail zu verwenden, egal wo Sie sich befinden.<\/p>\n\n\n\n<p>Schlie\u00dflich verstehen wir, dass einige Unternehmen m\u00f6glicherweise nach einem suchen&nbsp;<strong>SMTP-Server zum Versenden von E-Mails an die abonnierte Mailingliste?<\/strong>&nbsp;Einfach ausgedr\u00fcckt empfehlen wir Ihnen dringend, hierf\u00fcr keinen gesch\u00e4ftskritischen Mailserver zu verwenden! Auch wenn es sich bei Ihrer Abonnentenliste ausschlie\u00dflich um Opt-In-Abonnenten handelt, kann es dennoch zu Problemen und einer m\u00f6glichen schwarzen Liste kommen. F\u00fcr kleine Betreiber empfehlen wir wiederum SMTP2GO, einfach ausgedr\u00fcckt, weil es aufgrund seiner zus\u00e4tzlichen Berichterstellung (Feedback-Schleifen, Blacklist-\u00dcberwachung, Spamfallen-Erkennung, Bounce-Tracking, Echtzeitanalyse usw. usw.) eine Komplettl\u00f6sung f\u00fcr die E-Mail-Verteilung mit bis zu 1000 E-Mails pro Monat ist V\u00f6llig kostenlos, da kann man nichts falsch machen. Das Feedback, das wir h\u00f6ren, ist ausschlie\u00dflich positiv. F\u00fcr gr\u00f6\u00dfere Unternehmen gibt es mehrere Abonnementstufen, aber auch hier k\u00f6nnen Sie immer mit der beginnen&nbsp;<strong>kostenloser Account<\/strong>&nbsp;um es zu testen.<\/p>\n\n\n\n<p>Wenn Sie den gesuchten Server nicht in der Liste unten finden, ihn aber aus einer anderen Quelle finden k\u00f6nnen, senden Sie bitte eine E-Mail an support@e-eeasy.com mit dem Betreff \u201eNeuer Smtp-Server\u201c und geben Sie den Anbieter und den Server an Adresse. Ich werde es dann zur Liste hinzuf\u00fcgen, es macht Spa\u00df, es zu teilen!<\/p>\n\n\n\n<p><strong>[scu name=\u201csmtp-server-list\u201c]<\/strong><\/p>\n\n\n\n<p><strong>Sie k\u00f6nnen den gesuchten Server immer noch nicht finden?<\/strong>&nbsp;Wir empfehlen einen Service namens&nbsp;<a href=\"https:\/\/www.e-eeasy.com\/SMTP2Go.php\" target=\"_blank\" rel=\"noreferrer noopener nofollow\">SMTP2Go<\/a>. Sie k\u00f6nnen Ihnen Authentifizierungsdaten f\u00fcr ihren SMTP-Server bereitstellen, mit denen Sie E-Mails von \u00fcberall auf der Welt und von jedem Ger\u00e4t aus senden k\u00f6nnen, das SMTP unterst\u00fctzt (Laptops, PDAs, iPhone, Android-Ger\u00e4te usw.). Sie behalten Ihre bestehenden E-Mail-Adressen und nutzen einfach deren Server f\u00fcr den Versand, so einfach ist das.<\/p>\n\n\n\n<h3 class=\"wp-block-heading\">Warum ist eine Liste von SMTP-Servern erforderlich?<\/h3>\n\n\n\n<p>In einer idealen Welt a&nbsp;<strong>Liste von <a href=\"https:\/\/www.smtp-server.net\/\" target=\"_blank\" data-type=\"link\" data-id=\"https:\/\/www.smtp-server.net\/\" rel=\"noreferrer noopener\">SMTP-Server<\/a><\/strong>&nbsp;wie oben w\u00e4re nicht n\u00f6tig. ISPs w\u00fcrden ihre Verantwortung f\u00fcr die Bereitstellung einer E-Mail-Plattform ernst nehmen und wir k\u00f6nnten alle problemlos und problemlos E-Mails versenden. SMTP steht schlie\u00dflich f\u00fcr Simple Mail Transfer Protocol. Es ist keine ideale Welt und es sind ISPs, die rund 99% des Bedarfs f\u00fcr diese Liste decken.<\/p>\n\n\n\n<p>Zun\u00e4chst einmal vergraben viele ISPs die Details ihrer SMTP-Server tief in ihren Websites. Dies erfordert entweder einen Abschluss in fortgeschrittenem Google oder vielleicht einfach nur Gl\u00fcck, um es zu finden. Ich habe keine Ahnung, warum sie so geheimnisvoll sind. Ich gehe davon aus, dass es etwas damit zu tun hat, dass sie glauben, dass dadurch Spammer daran gehindert werden, ihre SMTP-Server zu missbrauchen, was v\u00f6llig unn\u00f6tig ist, solange sie Authentifizierung verwenden.<\/p>\n\n\n\n<p>Die n\u00e4chsten Probleme h\u00e4ngen damit zusammen. Einige ISPs gestatten Ihnen nicht, E-Mails \u00fcber Port 25 (den Port f\u00fcr SMTP) zu senden, es sei denn, dies erfolgt \u00fcber einen ihrer Server. Sie erlauben nur&nbsp;<strong>SMTP-Relay<\/strong>&nbsp;durch das, was sie direkt kontrollieren k\u00f6nnen. Das ist alles in Ordnung, au\u00dfer wenn diese Details nicht leicht zug\u00e4nglich sind (siehe Punkt oben) oder wenn Sie sich f\u00fcr eine Gesch\u00e4fts- oder Urlaubsreise entscheiden. Denn wenn sie dies tun, gestatten Ihnen viele ISPs auch nur das Senden \u00fcber ihr SMTP, wenn Sie \u00fcber ihren Anschluss eine Verbindung zum Internet herstellen. Das bedeutet, dass Sie auf Reisen keine M\u00f6glichkeit haben, E-Mails \u00fcber den Server zu versenden, den SMTP-Server, den Sie von zu Hause aus verwenden mussten. Sie sind also gesch\u00e4ftlich unterwegs, aber wenn Sie eine E-Mail senden, erhalten Sie die gef\u00fcrchtete Fehlermeldung \u201eKann nicht gesendet werden\u201c. Ihr ISP hat Ihnen den Zugriff auf einen anderen SMTP-Relay-Server vorgeschrieben. Die obige Liste hilft, indem sie die SMTP-Details vieler kostenloser und kostenpflichtiger E-Mail-Dienste bereitstellt, die es im Internet in H\u00fclle und F\u00fclle gibt.<\/p>\n\n\n\n<p>Wie Sie sehen, ist der Grund f\u00fcr die SMTP-Serverliste einfach: Sie soll Ihnen helfen, den SMTP-Server f\u00fcr Ihren ISP\/Mail-Anbieter zu finden, und vielleicht noch wichtiger, Ihnen Optionen auf Reisen zu bieten.<\/p>\n\n\n\n<h3 class=\"wp-block-heading\">Wie finde ich den SMTP-Server f\u00fcr meinen ISP?<\/h3>\n\n\n\n<p>Wenn Ihr ISP oder E-Mail-Anbieter nicht im aufgef\u00fchrt ist&nbsp;<a href=\"https:\/\/www.smtpsoftware.com\/smtp-server-list\/\" target=\"_blank\" rel=\"noreferrer noopener\">Liste der SMTP-Server<\/a>&nbsp;Dar\u00fcber hinaus ist es m\u00f6glicherweise viel einfacher als Sie denken, das SMTP Ihres Anbieters zu finden. Die meisten verwenden ein gemeinsames Pr\u00e4fix f\u00fcr ihren Mailserver. Wenn Sie also beispielsweise \u00fcber myisp.com eine Verbindung zum Internet herstellen, befindet sich der Mailserver normalerweise unter mail.myisp.com oder smtp.myisp.com oder \u00e4hnlich (die drei h\u00e4ufigsten Pr\u00e4fixe). sind E-Mail, Mail und SMTP). Sie m\u00fcssen dann nur noch wissen, dass SMTP-Server auf Port 25 lauschen. Dadurch k\u00f6nnen Sie mithilfe von Telnet ganz einfach feststellen, ob dort ein aktiver SMTP-Server vorhanden ist. Hier sind einige grundlegende Anweisungen (f\u00fcr Windows-Benutzer): \u2013<br><br>1. \u00d6ffnen Sie die Eingabeaufforderung auf Ihrem PC, indem Sie entweder nach \u201ecmd\u201c suchen oder \u201ecmd\u201c an der Ausf\u00fchrungsaufforderung eingeben<br>2. Geben Sie an der Eingabeaufforderung Telnet mail.myisp.com 25 ein (vorausgesetzt, wir suchen nach dem SMTP-Server f\u00fcr myisp.com).<br>3. Wenn Sie eine Antwort vom SMTP-Server erhalten, dann herzlichen Gl\u00fcckwunsch, Sie haben gerade Ihren Server gefunden. Wenn nicht, wiederholen Sie Schritt 2 und probieren Sie andere Pr\u00e4fixe (Mail usw.) aus.<\/p>\n\n\n\n<p>Denken Sie daran, wenn alles andere fehlschl\u00e4gt, stellt SMTP2Go eine bereit&nbsp;<a href=\"https:\/\/www.e-eeasy.com\/SMTP2Go.php\" target=\"_blank\" rel=\"noreferrer noopener nofollow\">kostenloser SMTP-Server<\/a>&nbsp;die Sie von \u00fcberall und mit jedem E-Mail-Konto nutzen k\u00f6nnen. F\u00fcr ein paar Dollar im Jahr erspart es Ihnen wirklich den ganzen Aufwand beim Versenden von E-Mails. Ich wei\u00df, wir streiten uns dar\u00fcber, aber ehrlich gesagt ist es das, was wir verwenden, und ich kann Ihnen nicht sagen, wie viele Stunden wir dadurch eingespart haben herum mit dem Versuch, Nachrichten zu verbreiten.<\/p>\n\n\n\n<h3 class=\"wp-block-heading\">Sie k\u00f6nnen Ihren SMTP-Server nicht finden oder haben einen Fehler in der Liste festgestellt. Bitte nehmen Sie Kontakt mit uns auf.<\/h3>","protected":false},"excerpt":{"rendered":"<p>Ein SMTP-Server, der garantiert funktioniert. DIE ORIGINAL-SMTP-SERVERLISTE \u2013 IM JAHR 2003 GESTARTET UND VIEL KOPIERT (und nur ein einziges Mal verbessert!) Egal, ob Sie E-Mails von einem POP3-Konto weiterleiten oder einfach nur eine normale alte E-Mail senden m\u00f6chten. F\u00fcr die Weiterleitung ben\u00f6tigen Sie einen SMTP-Server. Die meisten Server [\u2026]<\/p>","protected":false},"author":1,"featured_media":0,"parent":0,"menu_order":0,"comment_status":"closed","ping_status":"closed","template":"","meta":{"footnotes":""},"class_list":["post-31","page","type-page","status-publish","hentry"],"_links":{"self":[{"href":"https:\/\/www.e-eeasy.com\/de\/wp-json\/wp\/v2\/pages\/31","targetHints":{"allow":["GET"]}}],"collection":[{"href":"https:\/\/www.e-eeasy.com\/de\/wp-json\/wp\/v2\/pages"}],"about":[{"href":"https:\/\/www.e-eeasy.com\/de\/wp-json\/wp\/v2\/types\/page"}],"author":[{"embeddable":true,"href":"https:\/\/www.e-eeasy.com\/de\/wp-json\/wp\/v2\/users\/1"}],"replies":[{"embeddable":true,"href":"https:\/\/www.e-eeasy.com\/de\/wp-json\/wp\/v2\/comments?post=31"}],"version-history":[{"count":0,"href":"https:\/\/www.e-eeasy.com\/de\/wp-json\/wp\/v2\/pages\/31\/revisions"}],"wp:attachment":[{"href":"https:\/\/www.e-eeasy.com\/de\/wp-json\/wp\/v2\/media?parent=31"}],"curies":[{"name":"wp","href":"https:\/\/api.w.org\/{rel}","templated":true}]}}