{"id":178,"date":"2023-09-18T14:21:49","date_gmt":"2023-09-18T14:21:49","guid":{"rendered":"https:\/\/www.e-eeasy.com\/?page_id=178"},"modified":"2023-09-18T14:21:52","modified_gmt":"2023-09-18T14:21:52","slug":"submit-your-software","status":"publish","type":"page","link":"https:\/\/www.e-eeasy.com\/es\/submit-your-software\/","title":{"rendered":"Env\u00ede su software"},"content":{"rendered":"<h2 class=\"wp-block-heading\">E-Ef\u00e1cil \u2013\u00a0<a href=\"mailto:support@e-eeasy.com\">Env\u00ede su software<\/a><\/h2>\n\n\n\n<!--more-->\n\n\n\n<p>Le ofrezco la posibilidad de enviar su software gratuito para alojamiento en el sitio web de e-eeasy. Hay cientos (Freenet, Download.com, TuCows, Winsite, etc.), si no miles, de sitios con listados de software, entonces, \u00bfqu\u00e9 hace que \u00e9ste sea diferente? Bueno, para empezar, e-eeasy no es un sitio web con listados de software, es el sitio web personal de Paul Barlow. Como m\u00e1ximo, se agregar\u00e1n 3 o 4 piezas de software adicionales al sitio por parte de autores externos. Preferir\u00eda que el software que env\u00ede no estuviera alojado en ning\u00fan otro lugar de la web al mismo tiempo. Para acceder al sitio web de e-eeasy realmente tendr\u00e1 que ser algo un poco especial, \u00a1\u00bfo tal vez simplemente diferente?! Esto es realmente para escritores de software gratuito en ciernes que han escrito una utilidad para ellos mismos que ahora les gustar\u00eda hacer p\u00fablica. Es posible que no sepas nada sobre la escena del software gratuito, el env\u00edo de software, sitios web o cualquier otra cosa, siempre y cuando T\u00da hayas escrito la aplicaci\u00f3n. \u00a1Ponerse en contacto!<\/p>\n\n\n\n<p>Entonces, \u00bfqu\u00e9 obtienes de esto?<\/p>\n\n\n\n<ul class=\"wp-block-list\">\n<li>Tiene la oportunidad de alojar su software gratuito en un sitio que recibe m\u00e1s de 3000 visitantes \u00fanicos al d\u00eda, de los cuales 99% buscan software gratuito para descargar.<\/li>\n\n\n\n<li>Se agregar\u00e1 un enlace a la p\u00e1gina de inicio de su programa en cada p\u00e1gina principal del sitio web de e-eeasy (la gente no tendr\u00e1 que buscar en un directorio enorme para encontrarlo).<\/li>\n\n\n\n<li>La p\u00e1gina de inicio de su programa pasar\u00e1 a formar parte del sitio e-eeasy. Usted (opcionalmente) proporciona el texto y har\u00e9 que se vea como cualquier otra p\u00e1gina del sitio. \u00a1No es necesario que te preocupes por la apariencia y cosas as\u00ed!<\/li>\n\n\n\n<li>A trav\u00e9s de t\u00e9cnicas de SEO, la p\u00e1gina de inicio de su programa se podr\u00e1 encontrar utilizando los principales motores de b\u00fasqueda, incluidos Yahoo y Google.<\/li>\n\n\n\n<li>Crear\u00e9 un archivo PAD y enviar\u00e9 su software a cientos de otros sitios de listados de software gratuito.<\/li>\n\n\n\n<li>Alojar\u00e9 su programa para descargarlo, obviamente tengo un ancho de banda limitado disponible, pero ser\u00e1 mi trabajo administrarlo.<\/li>\n\n\n\n<li>Usted conserva todos los derechos sobre su software y puede optar por eliminarlo cuando lo desee.<\/li>\n\n\n\n<li><strong>\u00a1TE ENCANTAR\u00c1S QUE OTRAS PERSONAS UTILICEN TU SOFTWARE!<\/strong><\/li>\n<\/ul>\n\n\n\n<p>Entonces, \u00bfqu\u00e9 gano con esto?<\/p>\n\n\n\n<ul class=\"wp-block-list\">\n<li>La oportunidad de alojar software de calidad.<\/li>\n\n\n\n<li>M\u00e1s visitas a mi sitio web significan m\u00e1s descargas de MI software, \u00a1lo que me hace feliz!<\/li>\n\n\n\n<li>M\u00e1s visitas significan m\u00e1s Google Adds significan m\u00e1s posibilidades de que este sitio pueda cubrir sus propios costos. (\u00a1Deseo!)<\/li>\n<\/ul>\n\n\n\n<p>Si crees que te puede interesar, escr\u00edbeme a\u00a0<strong><a href=\"mailto:support@e-eeasy.com\">soporte@e-eeasy.com<\/a><\/strong>\u00a0Solo doy algunos breves detalles de lo que has escrito. Me pondr\u00e9 en contacto nuevamente y podemos continuar desde all\u00ed.<\/p>","protected":false},"excerpt":{"rendered":"<p>E-Eeasy \u2013 Env\u00ede su software<\/p>","protected":false},"author":1,"featured_media":0,"parent":0,"menu_order":0,"comment_status":"closed","ping_status":"closed","template":"","meta":{"footnotes":""},"class_list":["post-178","page","type-page","status-publish","hentry"],"_links":{"self":[{"href":"https:\/\/www.e-eeasy.com\/es\/wp-json\/wp\/v2\/pages\/178","targetHints":{"allow":["GET"]}}],"collection":[{"href":"https:\/\/www.e-eeasy.com\/es\/wp-json\/wp\/v2\/pages"}],"about":[{"href":"https:\/\/www.e-eeasy.com\/es\/wp-json\/wp\/v2\/types\/page"}],"author":[{"embeddable":true,"href":"https:\/\/www.e-eeasy.com\/es\/wp-json\/wp\/v2\/users\/1"}],"replies":[{"embeddable":true,"href":"https:\/\/www.e-eeasy.com\/es\/wp-json\/wp\/v2\/comments?post=178"}],"version-history":[{"count":0,"href":"https:\/\/www.e-eeasy.com\/es\/wp-json\/wp\/v2\/pages\/178\/revisions"}],"wp:attachment":[{"href":"https:\/\/www.e-eeasy.com\/es\/wp-json\/wp\/v2\/media?parent=178"}],"curies":[{"name":"wp","href":"https:\/\/api.w.org\/{rel}","templated":true}]}}