{"id":31,"date":"2023-08-17T15:34:52","date_gmt":"2023-08-17T15:34:52","guid":{"rendered":"https:\/\/www.e-eeasy.com\/?page_id=31"},"modified":"2023-09-18T20:53:51","modified_gmt":"2023-09-18T20:53:51","slug":"free-smtp-server-list-smtp-servers","status":"publish","type":"page","link":"https:\/\/www.e-eeasy.com\/es\/free-smtp-server-list-smtp-servers\/","title":{"rendered":"Lista de servidores SMTP gratuitos \u2013 Servidores SMTP"},"content":{"rendered":"<p class=\"has-text-align-center\"><a href=\"https:\/\/www.e-eeasy.com\/SMTP2Go.php\" target=\"_blank\" rel=\"noreferrer noopener nofollow\"><strong>Un servidor SMTP garantizado para funcionar<\/strong><\/a><\/p>\n\n\n\n<p><strong>LA LISTA DE SERVIDORES SMTP ORIGINAL \u2013 COMENZADA EN 2003 Y MUCHO COPIA<\/strong>\u00a0(<a href=\"https:\/\/www.smtpsoftware.com\/smtp-server-list\/\" target=\"_blank\" rel=\"noreferrer noopener\">\u00a1Y solo mejor\u00f3 una vez!<\/a>) Si va a reenviar correo desde una cuenta POP3 o simplemente desea enviar un correo electr\u00f3nico antiguo normal, necesitar\u00e1 un\u00a0<strong>servidor SMTP<\/strong>\u00a0para hacer el reenv\u00edo. La mayor\u00eda de los servidores los proporciona el proveedor de servicios de forma gratuita, pero algunos, como Yahoo, le hacen pagar. A continuaci\u00f3n se detalla una\u00a0<strong>lista de b\u00fasqueda de servidores SMTP para varios ISP y proveedores de correo electr\u00f3nico<\/strong>. Para evitar cualquier posibilidad de problemas al utilizar Easy Email Forwarding, recomendamos encarecidamente utilizar el servidor SMTP correspondiente al servidor POP3 que contiene su cuenta, es decir, la cuenta desde la que est\u00e1 reenviando. En otras palabras, si desea reenviar desde su cuenta de Hotmail, siempre es mejor intentar usar primero el servidor SMTP de Hotmail; no es necesario, pero es mejor. \u00a1Esto es a\u00fan m\u00e1s importante en 2017 para garantizar la capacidad de entrega!<\/p>\n\n\n\n<!--more-->\n\n\n\n<p>Adem\u00e1s de utilizar sus proveedores de correo o el servidor SMTP de su ISP, hay una serie de servicios disponibles que le permitir\u00e1n utilizar su servidor sin importar en qu\u00e9 parte del mundo se encuentre; le recomendamos el servicio gratuito&nbsp;<a href=\"https:\/\/www.e-eeasy.com\/SMTP2Go.php\" target=\"_blank\" rel=\"noreferrer noopener nofollow\">Servidor SMTP mundial SMTP2Go<\/a>&nbsp;(tambi\u00e9n ideal para viajeros). Este servicio le permitir\u00e1 enviar correos electr\u00f3nicos sin preocuparse de en qu\u00e9 parte del mundo se encuentra o qu\u00e9 puertos puede estar bloqueando su ISP (o puerta de enlace de Internet en ese momento). Este es realmente un problema bastante com\u00fan y varios ISP restringen el correo saliente a su servidor a trav\u00e9s del puerto 25. S\u00e9 que suena complicado, pero como usuario s\u00f3lo notas un problema cuando tu computadora port\u00e1til o dispositivo port\u00e1til se niega a enviar tu correo. El servicio SMTP2Go soluciona esto de una manera muy sencilla y le permite utilizar la misma configuraci\u00f3n para su correo electr\u00f3nico en todos los programas y en todos los dispositivos, sin importar d\u00f3nde se encuentre.<\/p>\n\n\n\n<p>Finalmente entendemos que algunas empresas pueden estar buscando una&nbsp;<strong>\u00bfServidor SMTP a utilizar para enviar correos electr\u00f3nicos a su lista de correo suscrita?<\/strong>&nbsp;En pocas palabras, le recomendamos encarecidamente que no utilice ning\u00fan servidor de correo de misi\u00f3n cr\u00edtica para esto. Incluso si su lista de suscriptores es exclusivamente voluntaria, a\u00fan es posible que encuentre problemas y una posible lista negra. Para los operadores de peque\u00f1a escala, recomendamos nuevamente SMTP2GO, simplemente porque sus informes adicionales (bucles de retroalimentaci\u00f3n, monitoreo de listas negras, detecci\u00f3n de trampas de spam, seguimiento de rebotes, an\u00e1lisis en tiempo real, etc., etc.) lo convierten en una soluci\u00f3n completa para la distribuci\u00f3n de correo electr\u00f3nico y con hasta 1000 correos al mes. completamente gratis, no te puedes equivocar. Los comentarios que escuchamos son exclusivamente positivos. Para operaciones m\u00e1s grandes tienen varios niveles de suscripci\u00f3n pero siempre puedes comenzar con el&nbsp;<strong>cuenta gratis<\/strong>&nbsp;para probarlo.<\/p>\n\n\n\n<p>Si no puede encontrar el servidor que busca en la lista a continuaci\u00f3n pero puede encontrarlo en otra fuente, env\u00ede un correo electr\u00f3nico a support@e-eeasy.com con el asunto Nuevo servidor Smtp e incluya el proveedor y el servidor. DIRECCI\u00d3N. Luego lo agregar\u00e9 a la lista, \u00a1es bueno compartirlo!<\/p>\n\n\n\n<p><strong>[nombre scu =\u201dlista-de-servidores-smtp\u201d]<\/strong><\/p>\n\n\n\n<p><strong>\u00bfA\u00fan no encuentras el servidor que buscas?<\/strong>&nbsp;Recomendamos un servicio llamado&nbsp;<a href=\"https:\/\/www.e-eeasy.com\/SMTP2Go.php\" target=\"_blank\" rel=\"noreferrer noopener nofollow\">SMTP2Go<\/a>. Pueden proporcionarle detalles de autenticaci\u00f3n para su servidor SMTP que le permitir\u00e1 enviar correos electr\u00f3nicos desde cualquier parte del mundo, desde cualquier dispositivo que admita SMTP (port\u00e1tiles, PDA, iPhone, dispositivos Android, etc.). Mantienes tus direcciones de correo electr\u00f3nico existentes y simplemente usas su servidor para realizar el env\u00edo, es tan simple como eso.<\/p>\n\n\n\n<h3 class=\"wp-block-heading\">\u00bfPor qu\u00e9 es necesaria una lista de servidores SMTP?<\/h3>\n\n\n\n<p>En un mundo ideal un&nbsp;<strong>lista de <a href=\"https:\/\/www.smtp-server.net\/\" target=\"_blank\" data-type=\"link\" data-id=\"https:\/\/www.smtp-server.net\/\" rel=\"noreferrer noopener\">servidores SMTP<\/a><\/strong>&nbsp;como el anterior no ser\u00eda necesario. Los ISP tomar\u00edan en serio sus responsabilidades de proporcionar una plataforma de correo electr\u00f3nico y todos podr\u00edamos enviar correos electr\u00f3nicos sin problemas. Despu\u00e9s de todo, SMTP significa Protocolo simple de transferencia de correo. No es un mundo ideal y son los ISP los que aportan el 99% de la necesidad de esta lista.<\/p>\n\n\n\n<p>Para empezar, una gran cantidad de ISP entierran los detalles de sus servidores SMTP en lo m\u00e1s profundo de sus sitios web. Esto requiere un t\u00edtulo en Google avanzado o tal vez simplemente suerte para encontrarlo. No tengo idea de por qu\u00e9 son tan reservados, supongo que tiene algo que ver con que creen que esto evitar\u00e1 que los spammers abusen de sus servidores SMTP, algo totalmente innecesario mientras utilicen autenticaci\u00f3n.<\/p>\n\n\n\n<p>Los pr\u00f3ximos problemas est\u00e1n relacionados. Algunos ISP no le permiten enviar correo a trav\u00e9s del puerto 25 (el puerto para SMTP) a menos que sea a trav\u00e9s de uno de sus servidores. solo permiten&nbsp;<strong>retransmisi\u00f3n SMTP<\/strong>&nbsp;a trav\u00e9s de lo que pueden controlar directamente. Todo esto est\u00e1 muy bien, excepto cuando no hacen que esos detalles sean f\u00e1cilmente accesibles (consulte el punto anterior) o cuando decide viajar por negocios o por vacaciones. Porque cuando hacen esto, muchos ISP tambi\u00e9n solo te permiten enviar a trav\u00e9s de su SMTP cuando te conectas a Internet usando su conexi\u00f3n. Esto significa que cuando viajas no tienes forma de enviar correos electr\u00f3nicos utilizando su servidor, el servidor SMTP que te has visto obligado a utilizar desde casa. Est\u00e1s de viaje por negocios pero cuando env\u00edas un correo electr\u00f3nico recibes el temido mensaje de error &quot;no se puede enviar&quot;. Su ISP le ha obligado a tener acceso a otro servidor de retransmisi\u00f3n SMTP. La lista anterior ayuda al proporcionar detalles SMTP de muchos de los servicios de correo gratuitos y de pago que abundan en Internet.<\/p>\n\n\n\n<p>Como puede ver, el motivo de la lista de servidores SMTP es simple: es para ayudarle a encontrar el servidor SMTP para su ISP\/proveedor de correo y quiz\u00e1s lo m\u00e1s importante es brindarle opciones cuando viaja.<\/p>\n\n\n\n<h3 class=\"wp-block-heading\">\u00bfC\u00f3mo encuentro el servidor SMTP para mi ISP?<\/h3>\n\n\n\n<p>Si su ISP o proveedor de correo electr\u00f3nico no se menciona en la&nbsp;<a href=\"https:\/\/www.smtpsoftware.com\/smtp-server-list\/\" target=\"_blank\" rel=\"noreferrer noopener\">lista de servidores SMTP<\/a>&nbsp;arriba, entonces podr\u00eda ser mucho m\u00e1s f\u00e1cil de lo que cree encontrar sus proveedores SMTP. La mayor\u00eda usa un prefijo com\u00fan para su servidor de correo, por lo que, por ejemplo, si se conecta a Internet con myisp.com, su servidor de correo generalmente estar\u00e1 ubicado en mail.myisp.com o smtp.myisp.com o similar (los 3 prefijos m\u00e1s comunes son correo electr\u00f3nico, correo y smtp). Todo lo que necesita saber es que los servidores SMTP escuchan en el puerto 25, esto hace que sea muy f\u00e1cil ver si hay un servidor SMTP activo usando Telnet. Aqu\u00ed hay algunas instrucciones b\u00e1sicas (para usuarios de Windows): -<br><br>1. Abra el s\u00edmbolo del sistema en su PC buscando &quot;cmd&quot; o escribiendo &quot;cmd&quot; en el s\u00edmbolo de ejecuci\u00f3n.<br>2. En el s\u00edmbolo del sistema, escriba Telnet mail.myisp.com 25 (asumiendo que estamos buscando el servidor SMTP para myisp.com)<br>3. Si recibe una respuesta del servidor SMTP, felicidades, acaba de encontrar su servidor. Si no lo hace, repita el paso 2 probando otros prefijos (correo, etc.)<\/p>\n\n\n\n<p>Recuerde que si todo lo dem\u00e1s falla, SMTP2Go proporciona un&nbsp;<a href=\"https:\/\/www.e-eeasy.com\/SMTP2Go.php\" target=\"_blank\" rel=\"noreferrer noopener nofollow\">servidor SMTP gratuito<\/a>&nbsp;que podr\u00e1s utilizar desde cualquier lugar y con cualquier cuenta de correo. Por unos pocos d\u00f3lares al a\u00f1o, realmente elimina todas las molestias de enviar correos electr\u00f3nicos, s\u00e9 que estamos insistiendo en ello, pero honestamente es lo que usamos y no puedo decirles cu\u00e1ntas horas se ahorra. dando vueltas tratando de enviar mensajes.<\/p>\n\n\n\n<h3 class=\"wp-block-heading\">No puedo encontrar su servidor SMTP o he encontrado alg\u00fan problema con la lista, p\u00f3ngase en contacto.<\/h3>","protected":false},"excerpt":{"rendered":"<p>Un servidor SMTP con garant\u00eda de funcionamiento LA LISTA DE SERVIDORES SMTP ORIGINAL: COMENZADA EN 2003 Y MUCHO COPIA (\u00a1Y solo mejorada una vez!) Ya sea que vaya a reenviar correo desde una cuenta POP3 o simplemente desee enviar un correo electr\u00f3nico antiguo normal. mail necesitar\u00e1 un servidor SMTP para realizar el reenv\u00edo. La mayor\u00eda de los servidores [\u2026]<\/p>","protected":false},"author":1,"featured_media":0,"parent":0,"menu_order":0,"comment_status":"closed","ping_status":"closed","template":"","meta":{"footnotes":""},"class_list":["post-31","page","type-page","status-publish","hentry"],"_links":{"self":[{"href":"https:\/\/www.e-eeasy.com\/es\/wp-json\/wp\/v2\/pages\/31","targetHints":{"allow":["GET"]}}],"collection":[{"href":"https:\/\/www.e-eeasy.com\/es\/wp-json\/wp\/v2\/pages"}],"about":[{"href":"https:\/\/www.e-eeasy.com\/es\/wp-json\/wp\/v2\/types\/page"}],"author":[{"embeddable":true,"href":"https:\/\/www.e-eeasy.com\/es\/wp-json\/wp\/v2\/users\/1"}],"replies":[{"embeddable":true,"href":"https:\/\/www.e-eeasy.com\/es\/wp-json\/wp\/v2\/comments?post=31"}],"version-history":[{"count":0,"href":"https:\/\/www.e-eeasy.com\/es\/wp-json\/wp\/v2\/pages\/31\/revisions"}],"wp:attachment":[{"href":"https:\/\/www.e-eeasy.com\/es\/wp-json\/wp\/v2\/media?parent=31"}],"curies":[{"name":"wp","href":"https:\/\/api.w.org\/{rel}","templated":true}]}}