{"id":16,"date":"2023-08-17T14:58:02","date_gmt":"2023-08-17T14:58:02","guid":{"rendered":"https:\/\/www.e-eeasy.com\/?page_id=16"},"modified":"2024-02-17T14:42:56","modified_gmt":"2024-02-17T14:42:56","slug":"looking-for-free-software-welcome-to-e-eeasy-com","status":"publish","type":"page","link":"https:\/\/www.e-eeasy.com\/fr\/","title":{"rendered":"Vous recherchez un logiciel gratuit ? Bienvenue sur E-eeasy.com"},"content":{"rendered":"<p>OK, alors ce n&#039;est peut-\u00eatre pas le meilleur logiciel gratuit (Easy Email Forwarding, auparavant GetMail comme sur le disque de couverture de PC Pro ci-dessous, est plut\u00f4t bon cependant !) mais qui recherche sur Internet des \u00ab logiciels poubelles \u00bb ? E-eeasy.com h\u00e9berge un certain nombre de logiciels gratuits tr\u00e8s populaires ainsi que de nombreux autres petits programmes que les gens peuvent trouver utiles. Chacun de nos programmes est construit en utilisant la meilleure technologie disponible. Alors que la plupart de nos programmes se concentrent sur les fonctionnalit\u00e9s de messagerie telles que&nbsp;<strong>transfert de messages \u00e9lectroniques<\/strong>&nbsp;ou&nbsp;<strong>v\u00e9rifier l&#039;arriv\u00e9e d&#039;un nouvel e-mail<\/strong>&nbsp;nous proposons \u00e9galement les meilleures solutions gratuites pour les probl\u00e8mes Excel courants, le d\u00e9chiquetage de fichiers, la s\u00e9lection al\u00e9atoire de r\u00e9sultats de loterie, la mise \u00e0 jour des informations sur les m\u00e9tafichiers PDF et bien plus encore. Fondamentalement, chaque fois que nous rencontrons un probl\u00e8me qui peut \u00eatre r\u00e9solu avec un logiciel, nous l&#039;\u00e9crivons puis le donnons gratuitement. Si vous avez des id\u00e9es de logiciels que vous aimeriez voir \u00e9crits, n&#039;h\u00e9sitez pas \u00e0 les transmettre.<\/p>\n\n\n\n<!--more-->\n\n\n\n<figure class=\"wp-block-image size-full\"><img loading=\"lazy\" decoding=\"async\" width=\"852\" height=\"750\" src=\"https:\/\/www.e-eeasy.com\/wp-content\/uploads\/2023\/08\/PCPro.jpg\" alt=\"Logiciel gratuit E-eeasy.com pour votre PC\" class=\"wp-image-19\" title=\"\" srcset=\"https:\/\/www.e-eeasy.com\/wp-content\/uploads\/2023\/08\/PCPro.jpg 852w, https:\/\/www.e-eeasy.com\/wp-content\/uploads\/2023\/08\/PCPro-300x264.jpg 300w, https:\/\/www.e-eeasy.com\/wp-content\/uploads\/2023\/08\/PCPro-768x676.jpg 768w, https:\/\/www.e-eeasy.com\/wp-content\/uploads\/2023\/08\/PCPro-665x585.jpg 665w, https:\/\/www.e-eeasy.com\/wp-content\/uploads\/2023\/08\/PCPro-295x260.jpg 295w\" sizes=\"auto, (max-width: 852px) 100vw, 852px\" \/><\/figure>\n\n\n\n<p>Outre les logiciels, nous aimons \u00e9galement \u00e9crire des articles couvrant certaines des choses les plus int\u00e9ressantes que nous trouvons en naviguant sur Internet. Ceux-ci couvrent des sujets aussi divers que les rem\u00e8des possibles contre l&#039;herp\u00e8s labial (existe-t-il r\u00e9ellement), les m\u00e9thodologies de d\u00e9veloppement de logiciels jusqu&#039;\u00e0 la technologie qui permet de regarder la t\u00e9l\u00e9vision en direct sur Internet ! Nous avons d\u2019ailleurs commenc\u00e9 \u00e0 parler de ce sujet bien avant qu\u2019il ne devienne mainstream (stream, voyez ce que j\u2019ai fait l\u00e0-bas !)<\/p>\n\n\n\n<p>Le site Web E-eeasy.com g\u00e8re \u00e9galement plusieurs bases de donn\u00e9es dont des millions d&#039;utilisateurs ont profit\u00e9 au fil des ann\u00e9es. La plus populaire d&#039;entre elles est la liste des serveurs SMTP. Cette base de donn\u00e9es contient les d\u00e9tails du serveur SMTP d&#039;un grand nombre de FAI, des informations vitales pour de nombreux utilisateurs de messagerie. Il est consid\u00e9r\u00e9 comme la source de facto de&nbsp;<strong>Serveurs SMTP<\/strong>&nbsp;sur Internet et a maintenant \u00e9t\u00e9 copi\u00e9 par de nombreux autres sites, sans aucun cr\u00e9dit que nous pourrions ajouter. La liste d&#039;expressions Adsense de grande valeur est presque aussi populaire que les serveurs SMTP. Bien qu&#039;elle n&#039;ait pas \u00e9t\u00e9 mise \u00e0 jour depuis un certain temps, cette base de donn\u00e9es contient encore de nombreuses expressions de recherche int\u00e9ressantes pour ceux qui souhaitent trouver des mots-cl\u00e9s Adsense de grande valeur. Un jour, nous commencerons \u00e0 mettre en place la derni\u00e8re version, mais il suffit de dire quelles sont les choses qui paient le mieux ont tendance \u00e0 rester constantes.<\/p>\n\n\n\n<p><strong>E-eeasy.com<\/strong>&nbsp;est en ligne et distribue d&#039;excellents logiciels gratuits depuis 2002. Depuis, plus de 4 millions d&#039;utilisateurs ont profit\u00e9 de nos programmes. Notre logiciel a \u00e9t\u00e9 pr\u00e9sent\u00e9 sur plusieurs disques de couverture de magazines (vous vous souvenez de l&#039;\u00e9poque o\u00f9 ils \u00e9taient populaires ?) et a remport\u00e9 de nombreux prix, de v\u00e9ritables r\u00e9compenses \u00e9galement, et non ces r\u00e9compenses g\u00e9n\u00e9riques 5 \u00e9toiles que vous recevez de tous les sites Web de logiciels sur le Web\u00a0!<\/p>\n\n\n\n<h3 class=\"wp-block-heading\">Mises \u00e0 jour de logiciel<\/h3>\n\n\n\n<p>[nom du scu = \u201dactualit\u00e9s-r\u00e9sum\u00e9\u201d]<\/p>\n\n\n\n<hr class=\"wp-block-separator has-alpha-channel-opacity\"\/>\n\n\n\n<p>[nom du scu = \u00bbhome-news \u00bb]<\/p>","protected":false},"excerpt":{"rendered":"<p>OK, alors ce n&#039;est peut-\u00eatre pas le meilleur logiciel gratuit (Easy Email Forwarding, auparavant GetMail comme sur le disque de couverture de PC Pro ci-dessous, est plut\u00f4t bon cependant !) mais qui recherche sur Internet des \u00ab logiciels poubelles \u00bb ? E-eeasy.com h\u00e9berge un certain nombre d&#039;applications logicielles gratuites tr\u00e8s populaires ainsi que de nombreux autres petits programmes que les gens [\u2026]<\/p>","protected":false},"author":1,"featured_media":0,"parent":0,"menu_order":0,"comment_status":"closed","ping_status":"closed","template":"","meta":{"footnotes":""},"class_list":["post-16","page","type-page","status-publish","hentry"],"_links":{"self":[{"href":"https:\/\/www.e-eeasy.com\/fr\/wp-json\/wp\/v2\/pages\/16","targetHints":{"allow":["GET"]}}],"collection":[{"href":"https:\/\/www.e-eeasy.com\/fr\/wp-json\/wp\/v2\/pages"}],"about":[{"href":"https:\/\/www.e-eeasy.com\/fr\/wp-json\/wp\/v2\/types\/page"}],"author":[{"embeddable":true,"href":"https:\/\/www.e-eeasy.com\/fr\/wp-json\/wp\/v2\/users\/1"}],"replies":[{"embeddable":true,"href":"https:\/\/www.e-eeasy.com\/fr\/wp-json\/wp\/v2\/comments?post=16"}],"version-history":[{"count":0,"href":"https:\/\/www.e-eeasy.com\/fr\/wp-json\/wp\/v2\/pages\/16\/revisions"}],"wp:attachment":[{"href":"https:\/\/www.e-eeasy.com\/fr\/wp-json\/wp\/v2\/media?parent=16"}],"curies":[{"name":"wp","href":"https:\/\/api.w.org\/{rel}","templated":true}]}}