{"id":178,"date":"2023-09-18T14:21:49","date_gmt":"2023-09-18T14:21:49","guid":{"rendered":"https:\/\/www.e-eeasy.com\/?page_id=178"},"modified":"2023-09-18T14:21:52","modified_gmt":"2023-09-18T14:21:52","slug":"submit-your-software","status":"publish","type":"page","link":"https:\/\/www.e-eeasy.com\/fr\/submit-your-software\/","title":{"rendered":"Soumettez votre logiciel"},"content":{"rendered":"<h2 class=\"wp-block-heading\">E-Eeasy \u2013\u00a0<a href=\"mailto:support@e-eeasy.com\">Soumettez votre logiciel<\/a><\/h2>\n\n\n\n<!--more-->\n\n\n\n<p>Je vous offre la possibilit\u00e9 de soumettre votre logiciel gratuit pour h\u00e9bergement sur le site e-eeasy. Il existe des centaines (Freenet, Download.com, TuCows, Winsite, etc.), voire des milliers de sites r\u00e9pertoriant des logiciels, alors qu&#039;est-ce qui rend celui-ci diff\u00e9rent\u00a0? Eh bien, pour commencer, e-eeasy n&#039;est pas un site Web de r\u00e9f\u00e9rencement de logiciels, c&#039;est le site Web personnel de Paul Barlow. Tout au plus, 3 ou 4 logiciels suppl\u00e9mentaires seront ajout\u00e9s au site par des auteurs tiers. Je pr\u00e9f\u00e9rerais que le logiciel que vous soumettez ne soit h\u00e9berg\u00e9 nulle part ailleurs sur le Web en m\u00eame temps. Pour acc\u00e9der au site e-eeasy, il va vraiment falloir que ce soit quelque chose d&#039;un peu sp\u00e9cial, ou peut-\u00eatre juste diff\u00e9rent ?! Ceci est vraiment destin\u00e9 aux auteurs de logiciels gratuits en herbe qui ont \u00e9crit un utilitaire pour eux-m\u00eames qu&#039;ils aimeraient maintenant rendre public. Vous ne savez peut-\u00eatre rien de la sc\u00e8ne du logiciel gratuit, des soumissions de logiciels, des sites Web ou de toute autre chose, tant que VOUS AVEZ \u00e9crit l&#039;application. entrer en contact!<\/p>\n\n\n\n<p>Alors qu\u2019est-ce que tu en retires ?<\/p>\n\n\n\n<ul class=\"wp-block-list\">\n<li>Vous avez la possibilit\u00e9 d&#039;h\u00e9berger votre logiciel gratuit sur un site qui re\u00e7oit plus de 3000 visiteurs uniques par jour, dont 99% recherchent des logiciels gratuits \u00e0 t\u00e9l\u00e9charger.<\/li>\n\n\n\n<li>Un lien vers la page d&#039;accueil de vos programmes sera ajout\u00e9 \u00e0 chaque page principale du site Web e-eeasy (les gens n&#039;auront pas \u00e0 chercher dans un \u00e9norme r\u00e9pertoire pour le trouver).<\/li>\n\n\n\n<li>La page d&#039;accueil de vos programmes fera partie du site e-eeasy. Vous fournissez (\u00e9ventuellement) le texte et je le ferai ressembler \u00e0 n\u2019importe quelle autre page du site. Pas besoin de vous soucier de l\u2019apparence et de ce genre de choses\u00a0!<\/li>\n\n\n\n<li>Gr\u00e2ce aux techniques de r\u00e9f\u00e9rencement, la page d&#039;accueil de vos programmes sera trouvable \u00e0 l&#039;aide des principaux moteurs de recherche, notamment Yahoo et Google.<\/li>\n\n\n\n<li>Je vais cr\u00e9er un fichier PAD et soumettre votre logiciel \u00e0 des centaines d&#039;autres sites de r\u00e9f\u00e9rencement de logiciels gratuits.<\/li>\n\n\n\n<li>J&#039;h\u00e9bergerai votre programme en t\u00e9l\u00e9chargement, j&#039;ai \u00e9videmment une bande passante disponible limit\u00e9e mais ce sera mon travail de le g\u00e9rer.<\/li>\n\n\n\n<li>Vous conservez tous les droits sur votre logiciel et pouvez choisir de le supprimer comme et quand vous le souhaitez.<\/li>\n\n\n\n<li><strong>VOUS OBTENEZ LE BUZZ D&#039;AVOIR D&#039;AUTRES PERSONNES UTILISANT VOTRE LOGICIEL\u00a0!<\/strong><\/li>\n<\/ul>\n\n\n\n<p>Alors qu\u2019est-ce que j\u2019en retire ?<\/p>\n\n\n\n<ul class=\"wp-block-list\">\n<li>La chance d\u2019h\u00e9berger des logiciels de qualit\u00e9.<\/li>\n\n\n\n<li>Plus de visites sur mon site Web signifie plus de t\u00e9l\u00e9chargements de MON logiciel, ce qui me rend heureux\u00a0!<\/li>\n\n\n\n<li>Plus de visites signifie plus de Google Adds, ce qui signifie une meilleure chance pour ce site de pouvoir couvrir ses propres co\u00fbts. (Je souhaite!)<\/li>\n<\/ul>\n\n\n\n<p>Si vous pensez que cela pourrait vous int\u00e9resser, \u00e9crivez-moi \u00e0\u00a0<strong><a href=\"mailto:support@e-eeasy.com\">support@e-eeasy.com<\/a><\/strong>\u00a0je donne juste quelques brefs d\u00e9tails sur ce que vous avez \u00e9crit. Je vous recontacterai et nous pourrons partir de l\u00e0.<\/p>","protected":false},"excerpt":{"rendered":"<p>E-Eeasy \u2013 Soumettez votre logiciel<\/p>","protected":false},"author":1,"featured_media":0,"parent":0,"menu_order":0,"comment_status":"closed","ping_status":"closed","template":"","meta":{"footnotes":""},"class_list":["post-178","page","type-page","status-publish","hentry"],"_links":{"self":[{"href":"https:\/\/www.e-eeasy.com\/fr\/wp-json\/wp\/v2\/pages\/178","targetHints":{"allow":["GET"]}}],"collection":[{"href":"https:\/\/www.e-eeasy.com\/fr\/wp-json\/wp\/v2\/pages"}],"about":[{"href":"https:\/\/www.e-eeasy.com\/fr\/wp-json\/wp\/v2\/types\/page"}],"author":[{"embeddable":true,"href":"https:\/\/www.e-eeasy.com\/fr\/wp-json\/wp\/v2\/users\/1"}],"replies":[{"embeddable":true,"href":"https:\/\/www.e-eeasy.com\/fr\/wp-json\/wp\/v2\/comments?post=178"}],"version-history":[{"count":0,"href":"https:\/\/www.e-eeasy.com\/fr\/wp-json\/wp\/v2\/pages\/178\/revisions"}],"wp:attachment":[{"href":"https:\/\/www.e-eeasy.com\/fr\/wp-json\/wp\/v2\/media?parent=178"}],"curies":[{"name":"wp","href":"https:\/\/api.w.org\/{rel}","templated":true}]}}