{"id":181,"date":"2023-09-18T14:25:18","date_gmt":"2023-09-18T14:25:18","guid":{"rendered":"https:\/\/www.e-eeasy.com\/?page_id=181"},"modified":"2023-09-18T14:25:21","modified_gmt":"2023-09-18T14:25:21","slug":"terms-conditions","status":"publish","type":"page","link":"https:\/\/www.e-eeasy.com\/fr\/terms-conditions\/","title":{"rendered":"termes et conditions"},"content":{"rendered":"<h2 class=\"wp-block-heading\">TERMES ET CONDITIONS DE VOTRE UTILISATION DE CE SITE WEB<\/h2>\n\n\n\n<p>Ce site Web est exploit\u00e9 par SMTP Software (nous) en tant que portail d&#039;acc\u00e8s aux logiciels d&#039;un petit groupe de professionnels du logiciel. Bien que nous nous efforcions d&#039;assurer l&#039;exactitude des informations plac\u00e9es sur ce site Web, nous ne garantissons pas l&#039;exactitude ou l&#039;exactitude de ces informations ou de tout autre contenu, description ou mat\u00e9riel plac\u00e9 ou mentionn\u00e9 sur ce site Web. Nous ne garantissons pas que le site Web, son contenu, les logiciels disponibles ou le serveur qui le rend disponible sont exempts d&#039;erreurs, de virus ou d&#039;autres composants nuisibles ou que votre utilisation de ce site Web sera ininterrompue. Tous les logiciels seront analys\u00e9s contre les virus avant d&#039;\u00eatre t\u00e9l\u00e9charg\u00e9s.<\/p>\n\n\n\n<!--more-->\n\n\n\n<p>En aucun cas, nous ne serons responsables de toute perte ou dommage (direct ou indirect, y compris la perte de profits ou toute perte cons\u00e9cutive) r\u00e9sultant de ou li\u00e9 de quelque mani\u00e8re que ce soit \u00e0 votre utilisation de ce site Web ou des logiciels disponibles sur celui-ci, qu&#039;il soit caus\u00e9 par une n\u00e9gligence. ou autrement.<\/p>\n\n\n\n<p>Le site Web peut fournir des liens vers d\u2019autres sites Web dont le contenu n\u2019est pas sous mon contr\u00f4le. En cons\u00e9quence, nous ne pouvons accepter aucune responsabilit\u00e9 quant aux documents ou aux offres de biens ou de services pr\u00e9sent\u00e9s sur ces sites. Les liens vers de tels sites ne doivent pas \u00eatre consid\u00e9r\u00e9s comme une approbation de ces sites Web ou une garantie que ces sites Web seront exempts de virus ou d&#039;autres \u00e9l\u00e9ments de nature destructrice.<\/p>\n\n\n\n<p>Si vous n&#039;\u00eates pas satisfait du site Web ou de tout contenu ou mat\u00e9riel qu&#039;il contient, votre seul recours exclusif consiste \u00e0 cesser d&#039;utiliser le site Web.<\/p>\n\n\n\n<p>Le texte \u00e9crit de ce site Web rel\u00e8ve de la seule responsabilit\u00e9 de SMTP Software et n&#039;a aucun lien avec les employeurs pass\u00e9s, pr\u00e9sents ou futurs. Le contenu sera soit factuel, soit celui de l&#039;opinion de SMTP Software. Si vous avez un probl\u00e8me concernant la l\u00e9galit\u00e9 d&#039;un contenu \u00e9crit, vous DEVEZ contacter directement SMTP Software en premier lieu afin de r\u00e9soudre tout probl\u00e8me.<\/p>","protected":false},"excerpt":{"rendered":"<p>TERMES ET CONDITIONS DE VOTRE UTILISATION DE CE SITE WEB Ce site Web est exploit\u00e9 par SMTP Software (nous) en tant que portail d&#039;acc\u00e8s aux logiciels d&#039;un petit groupe de professionnels du logiciel. Bien que nous nous efforcions d&#039;assurer l&#039;exactitude des informations plac\u00e9es sur ce site Web, nous ne garantissons pas le [\u2026]<\/p>","protected":false},"author":1,"featured_media":0,"parent":0,"menu_order":0,"comment_status":"closed","ping_status":"closed","template":"","meta":{"footnotes":""},"class_list":["post-181","page","type-page","status-publish","hentry"],"_links":{"self":[{"href":"https:\/\/www.e-eeasy.com\/fr\/wp-json\/wp\/v2\/pages\/181","targetHints":{"allow":["GET"]}}],"collection":[{"href":"https:\/\/www.e-eeasy.com\/fr\/wp-json\/wp\/v2\/pages"}],"about":[{"href":"https:\/\/www.e-eeasy.com\/fr\/wp-json\/wp\/v2\/types\/page"}],"author":[{"embeddable":true,"href":"https:\/\/www.e-eeasy.com\/fr\/wp-json\/wp\/v2\/users\/1"}],"replies":[{"embeddable":true,"href":"https:\/\/www.e-eeasy.com\/fr\/wp-json\/wp\/v2\/comments?post=181"}],"version-history":[{"count":0,"href":"https:\/\/www.e-eeasy.com\/fr\/wp-json\/wp\/v2\/pages\/181\/revisions"}],"wp:attachment":[{"href":"https:\/\/www.e-eeasy.com\/fr\/wp-json\/wp\/v2\/media?parent=181"}],"curies":[{"name":"wp","href":"https:\/\/api.w.org\/{rel}","templated":true}]}}