{"id":185,"date":"2023-09-18T14:29:23","date_gmt":"2023-09-18T14:29:23","guid":{"rendered":"https:\/\/www.e-eeasy.com\/?page_id=185"},"modified":"2023-09-18T14:29:25","modified_gmt":"2023-09-18T14:29:25","slug":"privacy-policy","status":"publish","type":"page","link":"https:\/\/www.e-eeasy.com\/fr\/privacy-policy\/","title":{"rendered":"politique de confidentialit\u00e9"},"content":{"rendered":"<p>Si vous avez besoin de plus d&#039;informations ou si vous avez des questions sur notre politique de confidentialit\u00e9, n&#039;h\u00e9sitez pas \u00e0 nous contacter par e-mail \u00e0 support@e-eeasy.com.<\/p>\n\n\n\n<!--more-->\n\n\n\n<p>Sur www.e-eeasy.com, la confidentialit\u00e9 de nos visiteurs est d&#039;une extr\u00eame importance pour nous. Ce document de politique de confidentialit\u00e9 d\u00e9crit les types d&#039;informations personnelles re\u00e7ues et collect\u00e9es par www.e-eeasy.com et la mani\u00e8re dont elles sont utilis\u00e9es.<\/p>\n\n\n\n<p><strong>Fichiers journaux<\/strong><br>Comme beaucoup d&#039;autres sites Web, www.e-eeasy.com utilise des fichiers journaux. Les informations contenues dans les fichiers journaux comprennent les adresses de protocole Internet ( IP ), le type de navigateur, le fournisseur d&#039;acc\u00e8s Internet ( FAI ), l&#039;horodatage, les pages de r\u00e9f\u00e9rence\/de sortie et le nombre de clics pour analyser les tendances, administrer le site, suivre les mouvements de l&#039;utilisateur. autour du site et recueillir des informations d\u00e9mographiques. Les adresses IP et autres informations similaires ne sont li\u00e9es \u00e0 aucune information personnellement identifiable.<\/p>\n\n\n\n<p><strong>Cookies et balises Web<\/strong><br>www.e-eeasy.com utilise des cookies pour stocker des informations sur les pr\u00e9f\u00e9rences des visiteurs, enregistrer des informations sp\u00e9cifiques \u00e0 l&#039;utilisateur sur les pages auxquelles l&#039;utilisateur acc\u00e8de ou visite, personnaliser le contenu des pages Web en fonction du type de navigateur des visiteurs ou d&#039;autres informations que le visiteur envoie via son navigateur. .<strong>Cookie DART DoubleClick<\/strong><\/p>\n\n\n\n<p>.:\u00a0Google, en tant que fournisseur tiers, utilise des cookies pour diffuser des annonces sur votre site.<br>.:\u00a0: L&#039;utilisation par Google du cookie DART lui permet de diffuser des annonces \u00e0 vos utilisateurs en fonction de leur visite sur vos sites et sur d&#039;autres sites Internet.<br>.:\u00a0: Les utilisateurs peuvent refuser l&#039;utilisation du cookie DART en visitant la politique de confidentialit\u00e9 du r\u00e9seau de publicit\u00e9 et de contenu de Google \u00e0 l&#039;URL suivante\u00a0: https:\/\/www.google.com\/privacy_ads.html<\/p>\n\n\n\n<p>Certains de nos partenaires publicitaires peuvent utiliser des cookies et des balises Web sur notre site. Nos partenaires publicitaires comprennent \u2026\u2026.<br>Google adsense<br>Commission Jonction<br>Banque de clics<br>Amazone<br>Kont\u00e9ra<\/p>\n\n\n\n<p>Ces serveurs publicitaires ou r\u00e9seaux publicitaires tiers utilisent une technologie pour envoyer les publicit\u00e9s et les liens qui apparaissent sur www.e-eeasy.com directement \u00e0 vos navigateurs. Ils re\u00e7oivent automatiquement votre adresse IP lorsque cela se produit. D&#039;autres technologies (telles que les cookies, JavaScript ou les balises Web) peuvent \u00e9galement \u00eatre utilis\u00e9es par les r\u00e9seaux publicitaires tiers pour mesurer l&#039;efficacit\u00e9 de leurs publicit\u00e9s et\/ou pour personnaliser le contenu publicitaire que vous voyez.<\/p>\n\n\n\n<p>www.e-eeasy.com n&#039;a aucun acc\u00e8s ni contr\u00f4le sur ces cookies qui sont utilis\u00e9s par des annonceurs tiers.<\/p>\n\n\n\n<p>Vous devez consulter les politiques de confidentialit\u00e9 respectives de ces serveurs publicitaires tiers pour des informations plus d\u00e9taill\u00e9es sur leurs pratiques ainsi que pour des instructions sur la fa\u00e7on de vous d\u00e9sinscrire de certaines pratiques. La politique de confidentialit\u00e9 de www.e-eeasy.com ne s&#039;applique pas \u00e0 ces autres annonceurs ou sites Web et nous ne pouvons pas contr\u00f4ler leurs activit\u00e9s.<\/p>\n\n\n\n<p>Si vous souhaitez d\u00e9sactiver les cookies, vous pouvez le faire via les options de votre navigateur individuel. Des informations plus d\u00e9taill\u00e9es sur la gestion des cookies avec des navigateurs Web sp\u00e9cifiques peuvent \u00eatre trouv\u00e9es sur les sites Web respectifs des navigateurs.<\/p>","protected":false},"excerpt":{"rendered":"<p>Si vous avez besoin de plus d&#039;informations ou si vous avez des questions sur notre politique de confidentialit\u00e9, n&#039;h\u00e9sitez pas \u00e0 nous contacter par e-mail \u00e0 support@e-eeasy.com.<\/p>","protected":false},"author":1,"featured_media":0,"parent":0,"menu_order":0,"comment_status":"closed","ping_status":"closed","template":"","meta":{"footnotes":""},"class_list":["post-185","page","type-page","status-publish","hentry"],"_links":{"self":[{"href":"https:\/\/www.e-eeasy.com\/fr\/wp-json\/wp\/v2\/pages\/185","targetHints":{"allow":["GET"]}}],"collection":[{"href":"https:\/\/www.e-eeasy.com\/fr\/wp-json\/wp\/v2\/pages"}],"about":[{"href":"https:\/\/www.e-eeasy.com\/fr\/wp-json\/wp\/v2\/types\/page"}],"author":[{"embeddable":true,"href":"https:\/\/www.e-eeasy.com\/fr\/wp-json\/wp\/v2\/users\/1"}],"replies":[{"embeddable":true,"href":"https:\/\/www.e-eeasy.com\/fr\/wp-json\/wp\/v2\/comments?post=185"}],"version-history":[{"count":0,"href":"https:\/\/www.e-eeasy.com\/fr\/wp-json\/wp\/v2\/pages\/185\/revisions"}],"wp:attachment":[{"href":"https:\/\/www.e-eeasy.com\/fr\/wp-json\/wp\/v2\/media?parent=185"}],"curies":[{"name":"wp","href":"https:\/\/api.w.org\/{rel}","templated":true}]}}