{"id":31,"date":"2023-08-17T15:34:52","date_gmt":"2023-08-17T15:34:52","guid":{"rendered":"https:\/\/www.e-eeasy.com\/?page_id=31"},"modified":"2023-09-18T20:53:51","modified_gmt":"2023-09-18T20:53:51","slug":"free-smtp-server-list-smtp-servers","status":"publish","type":"page","link":"https:\/\/www.e-eeasy.com\/fr\/free-smtp-server-list-smtp-servers\/","title":{"rendered":"Liste de serveurs SMTP gratuits - Serveurs SMTP"},"content":{"rendered":"<p class=\"has-text-align-center\"><a href=\"https:\/\/www.e-eeasy.com\/SMTP2Go.php\" target=\"_blank\" rel=\"noreferrer noopener nofollow\"><strong>Un serveur SMTP garanti pour fonctionner<\/strong><\/a><\/p>\n\n\n\n<p><strong>LA LISTE ORIGINALE DES SERVEURS SMTP - COMMENC\u00c9E EN 2003 ET BEAUCOUP COPI\u00c9E<\/strong>\u00a0(<a href=\"https:\/\/www.smtpsoftware.com\/smtp-server-list\/\" target=\"_blank\" rel=\"noreferrer noopener\">Et ne s&#039;est am\u00e9lior\u00e9 qu&#039;une seule fois\u00a0!<\/a>) Que vous transf\u00e9riez du courrier \u00e0 partir d&#039;un compte POP3 ou que vous souhaitiez simplement envoyer un ancien courrier \u00e9lectronique, vous aurez besoin d&#039;un\u00a0<strong>Serveur SMTP<\/strong>\u00a0faire l&#039;acheminement. La plupart des serveurs sont fournis gratuitement par le fournisseur de services, mais certains comme Yahoo vous font payer. D\u00e9taill\u00e9 ci-dessous est un\u00a0<strong>liste consultable des serveurs SMTP pour divers fournisseurs de services Internet et de messagerie<\/strong>. Afin d&#039;\u00e9viter tout risque de probl\u00e8me lors de l&#039;utilisation de Easy Email Forwarding, nous vous recommandons fortement d&#039;utiliser le serveur SMTP correspondant au serveur POP3 qui d\u00e9tient votre compte, c&#039;est-\u00e0-dire le compte \u00e0 partir duquel vous transf\u00e9rez. En d&#039;autres termes, si vous souhaitez transf\u00e9rer depuis votre compte Hotmail, il est toujours pr\u00e9f\u00e9rable d&#039;essayer d&#039;abord d&#039;utiliser le serveur SMTP Hotmail, vous n&#039;\u00eates pas oblig\u00e9 de le faire, mais c&#039;est mieux. C&#039;est encore plus important en 2017 pour une d\u00e9livrabilit\u00e9 garantie !<\/p>\n\n\n\n<!--more-->\n\n\n\n<p>Outre l&#039;utilisation de vos fournisseurs de messagerie ou du serveur SMTP de votre FAI, un certain nombre de services sont disponibles qui vous permettront d&#039;utiliser leur serveur o\u00f9 que vous soyez dans le monde, nous vous recommandons le service gratuit&nbsp;<a href=\"https:\/\/www.e-eeasy.com\/SMTP2Go.php\" target=\"_blank\" rel=\"noreferrer noopener nofollow\">Serveur SMTP mondial SMTP2Go<\/a>&nbsp;(\u00e9galement id\u00e9al pour les voyageurs). Ce service vous permettra d&#039;envoyer des e-mails sans vous soucier de l&#039;endroit o\u00f9 vous vous trouvez dans le monde ou des ports bloqu\u00e9s par votre FAI (ou votre passerelle Internet \u00e0 l&#039;\u00e9poque). C&#039;est vraiment un probl\u00e8me assez courant et un certain nombre de FAI limitent le courrier sortant \u00e0 leur serveur sur le port 25. Je sais que cela semble compliqu\u00e9, mais en tant qu&#039;utilisateur, vous ne remarquez un probl\u00e8me que lorsque votre ordinateur portable ou votre appareil portable refuse d&#039;envoyer votre courrier. Le service SMTP2Go contourne cela de mani\u00e8re tr\u00e8s simple et vous permet d&#039;utiliser les m\u00eames param\u00e8tres pour votre e-mail dans chaque programme et sur chaque appareil, o\u00f9 que vous soyez.<\/p>\n\n\n\n<p>Enfin, nous comprenons que certaines entreprises peuvent \u00eatre \u00e0 la recherche d&#039;un&nbsp;<strong>Serveur SMTP \u00e0 utiliser pour envoyer par e-mail leur liste de diffusion abonn\u00e9e\u00a0?<\/strong>&nbsp;En termes simples, nous vous recommandons fortement de ne pas utiliser de serveur de messagerie critique pour cela\u00a0! M\u00eame si votre liste d&#039;abonn\u00e9s est exclusivement opt-in, il est toujours possible que vous rencontriez des probl\u00e8mes et une \u00e9ventuelle liste noire. Pour les petits op\u00e9rateurs, nous recommandons \u00e0 nouveau SMTP2GO, tout simplement parce que leurs rapports suppl\u00e9mentaires (boucles de r\u00e9troaction, surveillance de la liste noire, d\u00e9tection de spam, suivi des rebonds, analyses en temps r\u00e9el, etc.) en font une solution compl\u00e8te pour la distribution d&#039;e-mails et avec jusqu&#039;\u00e0 1000 e-mails par mois enti\u00e8rement gratuit, vous ne pouvez pas vous tromper. Les retours que nous entendons sont exclusivement positifs. Pour les op\u00e9rations plus importantes, ils ont plusieurs niveaux d&#039;abonnement, mais encore une fois, vous pouvez toujours commencer avec le&nbsp;<strong>compte gratuit<\/strong>&nbsp;pour le tester.<\/p>\n\n\n\n<p>Si vous ne trouvez pas le serveur que vous recherchez dans la liste ci-dessous mais que vous pouvez le trouver \u00e0 partir d&#039;une autre source, veuillez envoyer un e-mail \u00e0 support@e-eeasy.com avec le sujet Nouveau serveur SMTP et inclure le fournisseur et le serveur adresse. Je l&#039;ajouterai ensuite \u00e0 la liste, c&#039;est bon \u00e0 partager !<\/p>\n\n\n\n<p><strong>[nom du scu = \u00bbsmtp-server-list\u00bb]<\/strong><\/p>\n\n\n\n<p><strong>Vous ne trouvez toujours pas le serveur que vous recherchez ?<\/strong>&nbsp;Nous recommandons un service appel\u00e9&nbsp;<a href=\"https:\/\/www.e-eeasy.com\/SMTP2Go.php\" target=\"_blank\" rel=\"noreferrer noopener nofollow\">SMTP2Go<\/a>. Ils peuvent vous fournir des d\u00e9tails d&#039;authentification pour leur serveur SMTP qui vous permettront d&#039;envoyer des e-mails de n&#039;importe o\u00f9 dans le monde, \u00e0 partir de n&#039;importe quel appareil prenant en charge SMTP (ordinateurs portables, PDA, iPhone, appareils Android, etc.). Vous conservez vos adresses e-mail existantes et utilisez simplement leur serveur pour effectuer l&#039;envoi, c&#039;est aussi simple que cela.<\/p>\n\n\n\n<h3 class=\"wp-block-heading\">Pourquoi avoir besoin d&#039;une liste de serveurs SMTP\u00a0?<\/h3>\n\n\n\n<p>Dans un monde id\u00e9al, un&nbsp;<strong>liste de <a href=\"https:\/\/www.smtp-server.net\/\" target=\"_blank\" data-type=\"link\" data-id=\"https:\/\/www.smtp-server.net\/\" rel=\"noreferrer noopener\">Serveurs SMTP<\/a><\/strong>&nbsp;comme celui ci-dessus ne serait pas n\u00e9cessaire. Les FAI prendraient leurs responsabilit\u00e9s \u00e0 l&#039;\u00e9gard de la fourniture d&#039;une plate-forme de messagerie au s\u00e9rieux et nous pourrions tous envoyer des e-mails sans probl\u00e8me. Apr\u00e8s tout, SMTP signifie Simple Mail Transfer Protocol. Ce n&#039;est pas un monde id\u00e9al et ce sont les FAI qui apportent 99% du besoin de cette liste.<\/p>\n\n\n\n<p>Pour commencer, un grand nombre de FAI enterrent les d\u00e9tails de leurs serveurs SMTP au plus profond de leurs sites Web. Cela n\u00e9cessite soit un dipl\u00f4me en Google avanc\u00e9, soit juste une chance aveugle pour le trouver. Je ne sais pas pourquoi ils sont si secrets, je suppose que cela a quelque chose \u00e0 voir avec le fait qu&#039;ils croient que cela emp\u00eachera les spammeurs d&#039;abuser de leurs serveurs SMTP, ce qui n&#039;est absolument pas n\u00e9cessaire tant qu&#039;ils utilisent l&#039;authentification.<\/p>\n\n\n\n<p>Les probl\u00e8mes suivants sont li\u00e9s. Certains FAI ne vous permettent pas d&#039;envoyer du courrier via le port 25 (le port pour SMTP) \u00e0 moins que ce ne soit via l&#039;un de leurs serveurs. Ils ne permettent que&nbsp;<strong>Relais SMTP<\/strong>&nbsp;par ce qu&#039;ils peuvent contr\u00f4ler directement. Tout va bien, sauf lorsqu&#039;ils ne rendent pas ces d\u00e9tails facilement accessibles (voir le point ci-dessus) ou lorsque vous d\u00e9cidez de voyager pour affaires ou pour des vacances. Parce que lorsqu&#039;ils le font, de nombreux FAI ne vous permettent \u00e9galement d&#039;envoyer via leur SMTP que lorsque vous vous connectez \u00e0 Internet en utilisant leur connexion. Cela signifie que lorsque vous voyagez, vous n&#039;avez aucun moyen d&#039;envoyer des e-mails en utilisant leur serveur, le serveur SMTP que vous avez \u00e9t\u00e9 oblig\u00e9 d&#039;utiliser depuis chez vous. Vous \u00eates donc en voyage d&#039;affaires, mais lorsque vous envoyez un e-mail, vous obtenez un redoutable message d&#039;erreur \u00ab Impossible d&#039;envoyer \u00bb. Votre FAI vous a forc\u00e9 \u00e0 avoir acc\u00e8s \u00e0 un autre serveur de relais SMTP. La liste ci-dessus aide en fournissant les d\u00e9tails SMTP de nombreux services de messagerie gratuits et payants qui abondent sur Internet.<\/p>\n\n\n\n<p>Ainsi, comme vous pouvez le voir, la raison de la liste des serveurs SMTP est simple, c&#039;est pour vous aider \u00e0 trouver le serveur SMTP de votre FAI\/fournisseur de messagerie et peut-\u00eatre plus important encore pour vous donner des options lorsque vous voyagez.<\/p>\n\n\n\n<h3 class=\"wp-block-heading\">Comment puis-je trouver le serveur SMTP de mon FAI\u00a0?<\/h3>\n\n\n\n<p>Si votre FAI ou fournisseur de messagerie n&#039;est pas mentionn\u00e9 dans le&nbsp;<a href=\"https:\/\/www.smtpsoftware.com\/smtp-server-list\/\" target=\"_blank\" rel=\"noreferrer noopener\">liste des serveurs SMTP<\/a>&nbsp;ci-dessus, il pourrait en fait \u00eatre beaucoup plus facile que vous ne le pensez de trouver vos fournisseurs SMTP. La plupart utilisent un pr\u00e9fixe commun pour leur serveur de messagerie, par exemple si vous vous connectiez \u00e0 Internet avec myisp.com, leur serveur de messagerie serait g\u00e9n\u00e9ralement situ\u00e9 \u00e0 mail.myisp.com ou smtp.myisp.com ou similaire (les 3 pr\u00e9fixes les plus courants sont e-mail, courrier et smtp). Tout ce que vous devez savoir, c&#039;est que les serveurs SMTP \u00e9coutent sur le port 25, ce qui permet de voir tr\u00e8s facilement s&#039;il existe un serveur SMTP actif utilisant Telnet. Voici quelques instructions de base (pour les utilisateurs de Windows):-<br><br>1. Ouvrez l&#039;invite de commande sur votre PC en recherchant &quot;cmd&quot; ou en tapant &quot;cmd&quot; \u00e0 l&#039;invite d&#039;ex\u00e9cution<br>2. \u00c0 l&#039;invite de commande, tapez Telnet mail.myisp.com 25 (en supposant que nous recherchions le serveur SMTP pour myisp.com)<br>3. Si vous obtenez une r\u00e9ponse du serveur SMTP, f\u00e9licitations, vous venez de trouver votre serveur. Si vous ne le faites pas, r\u00e9p\u00e9tez l&#039;\u00e9tape 2 en essayant d&#039;autres pr\u00e9fixes (mail, etc.)<\/p>\n\n\n\n<p>N&#039;oubliez pas que si tout le reste \u00e9choue, SMTP2Go fournit un&nbsp;<a href=\"https:\/\/www.e-eeasy.com\/SMTP2Go.php\" target=\"_blank\" rel=\"noreferrer noopener nofollow\">serveur SMTP gratuit<\/a>&nbsp;que vous pouvez utiliser de n&#039;importe o\u00f9 et avec n&#039;importe quel compte de messagerie. Pour quelques dollars par an, cela \u00e9vite vraiment d&#039;avoir \u00e0 envoyer des e-mails, je sais que nous en parlons, mais honn\u00eatement, c&#039;est ce que nous utilisons et je ne peux pas vous dire combien d&#039;heures cela a \u00e9conomis\u00e9. autour d&#039;essayer de faire passer des messages.<\/p>\n\n\n\n<h3 class=\"wp-block-heading\">Vous ne trouvez pas votre serveur SMTP ou vous avez trouv\u00e9 quelque chose qui ne va pas avec la liste, veuillez nous contacter.<\/h3>","protected":false},"excerpt":{"rendered":"<p>Un serveur SMTP garanti pour fonctionner LA LISTE DE SERVEURS SMTP ORIGINALE \u2013 COMMENC\u00c9E EN 2003 ET BEAUCOUP COPI\u00c9E (et am\u00e9lior\u00e9e une seule fois !) Que vous souhaitiez transf\u00e9rer du courrier \u00e0 partir d&#039;un compte POP3 ou que vous souhaitiez simplement envoyer un ancien courrier \u00e9lectronique ordinaire. courrier, vous aurez besoin d&#039;un serveur SMTP pour effectuer le transfert. La plupart des serveurs [\u2026]<\/p>","protected":false},"author":1,"featured_media":0,"parent":0,"menu_order":0,"comment_status":"closed","ping_status":"closed","template":"","meta":{"footnotes":""},"class_list":["post-31","page","type-page","status-publish","hentry"],"_links":{"self":[{"href":"https:\/\/www.e-eeasy.com\/fr\/wp-json\/wp\/v2\/pages\/31","targetHints":{"allow":["GET"]}}],"collection":[{"href":"https:\/\/www.e-eeasy.com\/fr\/wp-json\/wp\/v2\/pages"}],"about":[{"href":"https:\/\/www.e-eeasy.com\/fr\/wp-json\/wp\/v2\/types\/page"}],"author":[{"embeddable":true,"href":"https:\/\/www.e-eeasy.com\/fr\/wp-json\/wp\/v2\/users\/1"}],"replies":[{"embeddable":true,"href":"https:\/\/www.e-eeasy.com\/fr\/wp-json\/wp\/v2\/comments?post=31"}],"version-history":[{"count":0,"href":"https:\/\/www.e-eeasy.com\/fr\/wp-json\/wp\/v2\/pages\/31\/revisions"}],"wp:attachment":[{"href":"https:\/\/www.e-eeasy.com\/fr\/wp-json\/wp\/v2\/media?parent=31"}],"curies":[{"name":"wp","href":"https:\/\/api.w.org\/{rel}","templated":true}]}}