{"id":16,"date":"2023-08-17T14:58:02","date_gmt":"2023-08-17T14:58:02","guid":{"rendered":"https:\/\/www.e-eeasy.com\/?page_id=16"},"modified":"2024-02-17T14:42:56","modified_gmt":"2024-02-17T14:42:56","slug":"looking-for-free-software-welcome-to-e-eeasy-com","status":"publish","type":"page","link":"https:\/\/www.e-eeasy.com\/pt\/","title":{"rendered":"Procurando software gr\u00e1tis? Bem-vindo ao E-eeasy.com"},"content":{"rendered":"<p>OK, ent\u00e3o talvez n\u00e3o seja o melhor software gratuito (Easy Email Forwarding, anteriormente GetMail como no disco de capa do PC Pro abaixo, \u00e9 muito bom!) mas quem pesquisa na internet por \u201cSoftware Lixo\u201d? E-eeasy.com \u00e9 o lar de v\u00e1rios aplicativos de software gratuitos muito populares, bem como de muitos outros pequenos programas que as pessoas podem achar \u00fateis. Cada um de nossos programas \u00e9 constru\u00eddo usando a melhor tecnologia dispon\u00edvel. Embora a maioria dos nossos programas se concentre na funcionalidade de e-mail, como&nbsp;<strong>encaminhando mensagens de e-mail<\/strong>&nbsp;ou&nbsp;<strong>verificando novo e-mail<\/strong>&nbsp;tamb\u00e9m oferecemos as melhores solu\u00e7\u00f5es gratuitas para problemas comuns do Excel, destrui\u00e7\u00e3o de arquivos, escolha de resultados aleat\u00f3rios de loteria, atualiza\u00e7\u00e3o de informa\u00e7\u00f5es de arquivos PDF Meta e muito mais. Basicamente, sempre que encontramos um problema que pode ser resolvido com software, n\u00f3s o escrevemos e depois o distribu\u00edmos gratuitamente. Se voc\u00ea tiver alguma id\u00e9ia de software que gostaria de ver escrita, sinta-se \u00e0 vontade para transmiti-la.<\/p>\n\n\n\n<!--more-->\n\n\n\n<figure class=\"wp-block-image size-full\"><img loading=\"lazy\" decoding=\"async\" width=\"852\" height=\"750\" src=\"https:\/\/www.e-eeasy.com\/wp-content\/uploads\/2023\/08\/PCPro.jpg\" alt=\"E-eeasy.com Software gr\u00e1tis para seu PC\" class=\"wp-image-19\" title=\"\" srcset=\"https:\/\/www.e-eeasy.com\/wp-content\/uploads\/2023\/08\/PCPro.jpg 852w, https:\/\/www.e-eeasy.com\/wp-content\/uploads\/2023\/08\/PCPro-300x264.jpg 300w, https:\/\/www.e-eeasy.com\/wp-content\/uploads\/2023\/08\/PCPro-768x676.jpg 768w, https:\/\/www.e-eeasy.com\/wp-content\/uploads\/2023\/08\/PCPro-665x585.jpg 665w, https:\/\/www.e-eeasy.com\/wp-content\/uploads\/2023\/08\/PCPro-295x260.jpg 295w\" sizes=\"auto, (max-width: 852px) 100vw, 852px\" \/><\/figure>\n\n\n\n<p>Al\u00e9m de software, tamb\u00e9m gostamos de escrever artigos cobrindo algumas das coisas mais interessantes que encontramos enquanto navegamos na Internet. Eles cobrem assuntos t\u00e3o diversos como poss\u00edveis curas para herpes labial (ser\u00e1 que realmente existe), metodologias de desenvolvimento de software at\u00e9 a tecnologia que permite assistir televis\u00e3o ao vivo pela internet! Na verdade, come\u00e7amos a falar sobre esse assunto em particular muito antes de se tornar popular (stream, veja o que eu fiz l\u00e1!)<\/p>\n\n\n\n<p>O site E-eeasy.com tamb\u00e9m mant\u00e9m v\u00e1rios bancos de dados dos quais milh\u00f5es de usu\u00e1rios aproveitaram ao longo dos anos. O mais popular deles \u00e9 a Lista de Servidores SMTP. Este banco de dados cont\u00e9m detalhes do servidor SMTP para um grande n\u00famero de ISPs, informa\u00e7\u00f5es vitais para muitos usu\u00e1rios de e-mail. \u00c9 visto como a fonte de facto de&nbsp;<strong>Servidores SMTP<\/strong>&nbsp;na internet e j\u00e1 foi copiado por v\u00e1rios outros sites, sem qualquer cr\u00e9dito que possamos acrescentar. Quase t\u00e3o popular quanto os servidores SMTP \u00e9 a lista de frases do Adsense de alto valor, embora n\u00e3o seja atualizada h\u00e1 algum tempo, esse banco de dados ainda cont\u00e9m muitas frases de pesquisa excelentes para aqueles interessados em encontrar palavras-chave do Adsense de alto valor. Um dia conseguiremos lan\u00e7ar a vers\u00e3o mais recente, mas basta dizer quais coisas que pagam melhor tendem a permanecer constantes.<\/p>\n\n\n\n<p><strong>E-eeasy.com<\/strong>&nbsp;est\u00e1 online e distribui \u00f3timos softwares gratuitos desde 2002. Nesse per\u00edodo, mais de 4 milh\u00f5es de usu\u00e1rios aproveitaram nossos programas. Nosso software foi apresentado em v\u00e1rios discos de capa de revista (lembra quando eles eram populares?) e ganhou v\u00e1rios pr\u00eamios, pr\u00eamios reais tamb\u00e9m, n\u00e3o aqueles pr\u00eamios gen\u00e9ricos de 5 estrelas que voc\u00ea recebe de todos os sites de software na web!<\/p>\n\n\n\n<h3 class=\"wp-block-heading\">Atualiza\u00e7\u00f5es de software<\/h3>\n\n\n\n<p>[nome do scu =\u201dresumo de not\u00edcias\u201d]<\/p>\n\n\n\n<hr class=\"wp-block-separator has-alpha-channel-opacity\"\/>\n\n\n\n<p>[nome do scu =\u201dnot\u00edcias iniciais\u201d]<\/p>","protected":false},"excerpt":{"rendered":"<p>OK, talvez n\u00e3o seja o melhor software gratuito (Easy Email Forwarding, anteriormente GetMail como no disco de capa do PC Pro abaixo, \u00e9 muito bom!) mas quem pesquisa na internet por \u201cSoftware Lixo\u201d? E-eeasy.com \u00e9 o lar de v\u00e1rios aplicativos de software gratuitos muito populares, bem como de muitos outros pequenos programas que as pessoas [...]<\/p>","protected":false},"author":1,"featured_media":0,"parent":0,"menu_order":0,"comment_status":"closed","ping_status":"closed","template":"","meta":{"footnotes":""},"class_list":["post-16","page","type-page","status-publish","hentry"],"_links":{"self":[{"href":"https:\/\/www.e-eeasy.com\/pt\/wp-json\/wp\/v2\/pages\/16","targetHints":{"allow":["GET"]}}],"collection":[{"href":"https:\/\/www.e-eeasy.com\/pt\/wp-json\/wp\/v2\/pages"}],"about":[{"href":"https:\/\/www.e-eeasy.com\/pt\/wp-json\/wp\/v2\/types\/page"}],"author":[{"embeddable":true,"href":"https:\/\/www.e-eeasy.com\/pt\/wp-json\/wp\/v2\/users\/1"}],"replies":[{"embeddable":true,"href":"https:\/\/www.e-eeasy.com\/pt\/wp-json\/wp\/v2\/comments?post=16"}],"version-history":[{"count":0,"href":"https:\/\/www.e-eeasy.com\/pt\/wp-json\/wp\/v2\/pages\/16\/revisions"}],"wp:attachment":[{"href":"https:\/\/www.e-eeasy.com\/pt\/wp-json\/wp\/v2\/media?parent=16"}],"curies":[{"name":"wp","href":"https:\/\/api.w.org\/{rel}","templated":true}]}}