{"id":178,"date":"2023-09-18T14:21:49","date_gmt":"2023-09-18T14:21:49","guid":{"rendered":"https:\/\/www.e-eeasy.com\/?page_id=178"},"modified":"2023-09-18T14:21:52","modified_gmt":"2023-09-18T14:21:52","slug":"submit-your-software","status":"publish","type":"page","link":"https:\/\/www.e-eeasy.com\/pt\/submit-your-software\/","title":{"rendered":"Envie seu software"},"content":{"rendered":"<h2 class=\"wp-block-heading\">E-F\u00e1cil \u2013\u00a0<a href=\"mailto:support@e-eeasy.com\">Envie seu software<\/a><\/h2>\n\n\n\n<!--more-->\n\n\n\n<p>Estou oferecendo a oportunidade de enviar seu software gratuito para hospedagem no site e-eeasy. Existem centenas (Freenet, Download.com, TuCows, Winsite etc), sen\u00e3o milhares de sites de listagem de software por a\u00ed, ent\u00e3o o que torna este diferente? Bem, para come\u00e7ar, e-eeasy n\u00e3o \u00e9 um site de listagem de software, \u00e9 o site pessoal de Paul Barlow. No m\u00e1ximo, haver\u00e1 3 ou 4 softwares extras adicionados ao site de autores terceirizados. Eu preferiria que o software que voc\u00ea envia n\u00e3o estivesse hospedado em nenhum outro lugar da Web ao mesmo tempo. Para entrar no site e-eeasy realmente ter\u00e1 que ser algo um pouco especial, ou talvez apenas diferente?! Isto \u00e9 realmente para escritores de freeware iniciantes que escreveram um utilit\u00e1rio para si mesmos que agora gostariam de tornar p\u00fablico. Voc\u00ea pode n\u00e3o saber nada sobre o cen\u00e1rio do freeware, envio de software, sites ou qualquer outra coisa, desde que VOC\u00ca tenha escrito o aplicativo entrar em contato!<\/p>\n\n\n\n<p>Ent\u00e3o, o que voc\u00ea ganha com isso?<\/p>\n\n\n\n<ul class=\"wp-block-list\">\n<li>Voc\u00ea tem a chance de ter seu software gratuito hospedado em um site que recebe mais de 3.000 visitantes \u00fanicos por dia, dos quais 99% procuram software gratuito para download.<\/li>\n\n\n\n<li>Um link para a p\u00e1gina inicial do seu programa ser\u00e1 adicionado a todas as p\u00e1ginas principais do site e-eeasy (as pessoas n\u00e3o precisar\u00e3o pesquisar em um diret\u00f3rio enorme para encontr\u00e1-lo).<\/li>\n\n\n\n<li>A p\u00e1gina inicial do seu programa passar\u00e1 a fazer parte do site e-eeasy. Voc\u00ea (opcionalmente) fornece o texto e eu farei com que se pare\u00e7a com qualquer outra p\u00e1gina do site. N\u00e3o h\u00e1 necessidade de voc\u00ea se preocupar com apar\u00eancia e coisas assim!<\/li>\n\n\n\n<li>Atrav\u00e9s de t\u00e9cnicas de SEO, a p\u00e1gina inicial do seu programa poder\u00e1 ser encontrada usando os principais motores de busca, incluindo Yahoo e Google.<\/li>\n\n\n\n<li>Criarei um arquivo PAD e enviarei seu software para centenas de outros sites de listagem de freeware.<\/li>\n\n\n\n<li>Hospedarei seu programa para download, obviamente tenho largura de banda limitada dispon\u00edvel, mas ser\u00e1 meu trabalho gerenci\u00e1-lo.<\/li>\n\n\n\n<li>Voc\u00ea ret\u00e9m todos os direitos sobre o seu software e pode optar por remov\u00ea-lo como e quando desejar.<\/li>\n\n\n\n<li><strong>VOC\u00ca SENTE O BUZZ DE TER OUTRAS PESSOAS USANDO SEU SOFTWARE!<\/strong><\/li>\n<\/ul>\n\n\n\n<p>Ent\u00e3o, o que eu ganho com isso?<\/p>\n\n\n\n<ul class=\"wp-block-list\">\n<li>A chance de hospedar algum software de qualidade.<\/li>\n\n\n\n<li>Mais acessos ao meu site significam mais downloads do MEU software, o que me deixa feliz!<\/li>\n\n\n\n<li>Mais acessos significam mais Google Adds significa uma chance melhor de este site ser capaz de cobrir seus pr\u00f3prios custos. (Eu desejo!)<\/li>\n<\/ul>\n\n\n\n<p>Se voc\u00ea acha que pode estar interessado, ent\u00e3o me escreva em\u00a0<strong><a href=\"mailto:support@e-eeasy.com\">support@e-eeasy.com<\/a><\/strong>\u00a0apenas dando alguns breves detalhes do que voc\u00ea escreveu. Entrarei em contato novamente e poderemos prosseguir a partir da\u00ed.<\/p>","protected":false},"excerpt":{"rendered":"<p>E-Eeasy \u2013 Envie seu software<\/p>","protected":false},"author":1,"featured_media":0,"parent":0,"menu_order":0,"comment_status":"closed","ping_status":"closed","template":"","meta":{"footnotes":""},"class_list":["post-178","page","type-page","status-publish","hentry"],"_links":{"self":[{"href":"https:\/\/www.e-eeasy.com\/pt\/wp-json\/wp\/v2\/pages\/178","targetHints":{"allow":["GET"]}}],"collection":[{"href":"https:\/\/www.e-eeasy.com\/pt\/wp-json\/wp\/v2\/pages"}],"about":[{"href":"https:\/\/www.e-eeasy.com\/pt\/wp-json\/wp\/v2\/types\/page"}],"author":[{"embeddable":true,"href":"https:\/\/www.e-eeasy.com\/pt\/wp-json\/wp\/v2\/users\/1"}],"replies":[{"embeddable":true,"href":"https:\/\/www.e-eeasy.com\/pt\/wp-json\/wp\/v2\/comments?post=178"}],"version-history":[{"count":0,"href":"https:\/\/www.e-eeasy.com\/pt\/wp-json\/wp\/v2\/pages\/178\/revisions"}],"wp:attachment":[{"href":"https:\/\/www.e-eeasy.com\/pt\/wp-json\/wp\/v2\/media?parent=178"}],"curies":[{"name":"wp","href":"https:\/\/api.w.org\/{rel}","templated":true}]}}