{"id":181,"date":"2023-09-18T14:25:18","date_gmt":"2023-09-18T14:25:18","guid":{"rendered":"https:\/\/www.e-eeasy.com\/?page_id=181"},"modified":"2023-09-18T14:25:21","modified_gmt":"2023-09-18T14:25:21","slug":"terms-conditions","status":"publish","type":"page","link":"https:\/\/www.e-eeasy.com\/pt\/terms-conditions\/","title":{"rendered":"termos e Condi\u00e7\u00f5es"},"content":{"rendered":"<h2 class=\"wp-block-heading\">TERMOS E CONDI\u00c7\u00d5ES DE USO DESTE SITE<\/h2>\n\n\n\n<p>Este site \u00e9 operado pela SMTP Software(n\u00f3s) como um portal de acesso ao software de um pequeno grupo de profissionais de software. Embora nos esforcemos para garantir a exatid\u00e3o das informa\u00e7\u00f5es colocadas neste site, n\u00e3o garantimos a exatid\u00e3o ou exatid\u00e3o de tais informa\u00e7\u00f5es ou de qualquer outro conte\u00fado, descri\u00e7\u00e3o ou material colocado ou referido neste site. N\u00e3o garantimos que o site, seu conte\u00fado, software dispon\u00edvel ou o servidor que o disponibiliza estejam livres de erros ou v\u00edrus ou de outros componentes prejudiciais ou que o uso deste site seja ininterrupto. Todo o software ser\u00e1 verificado contra v\u00edrus antes do upload.<\/p>\n\n\n\n<!--more-->\n\n\n\n<p>Em nenhum caso seremos respons\u00e1veis por qualquer perda ou dano (seja direto ou indireto, incluindo lucros cessantes ou qualquer perda consequente) resultante ou de qualquer forma relacionado ao uso deste site ou do software dispon\u00edvel nele, seja causado por neglig\u00eancia. ou ent\u00e3o.<\/p>\n\n\n\n<p>O site pode fornecer links para outros sites, cujo conte\u00fado n\u00e3o est\u00e1 sob meu controle. Consequentemente, n\u00e3o podemos aceitar qualquer responsabilidade pelos materiais ou ofertas de bens ou servi\u00e7os apresentados em tais sites. Links para tais sites n\u00e3o devem ser considerados como um endosso de tais sites ou como uma garantia de que tais sites estar\u00e3o livres de v\u00edrus ou outros itens de natureza destrutiva.<\/p>\n\n\n\n<p>Se voc\u00ea estiver insatisfeito com o site ou com qualquer conte\u00fado ou material nele contido, sua \u00fanica solu\u00e7\u00e3o exclusiva \u00e9 interromper o uso do site.<\/p>\n\n\n\n<p>O texto escrito deste site \u00e9 de responsabilidade exclusiva da SMTP Software e n\u00e3o tem nenhuma liga\u00e7\u00e3o com empregadores passados, presentes ou futuros. O conte\u00fado ser\u00e1 de fato ou de opini\u00e3o da SMTP Software. Se voc\u00ea tiver qualquer problema relacionado \u00e0 legalidade de qualquer conte\u00fado escrito, DEVE entrar em contato direto com a SMTP Software em primeira inst\u00e2ncia para resolver quaisquer problemas.<\/p>","protected":false},"excerpt":{"rendered":"<p>TERMOS E CONDI\u00c7\u00d5ES DE USO DESTE SITE Este site \u00e9 operado pela SMTP Software(n\u00f3s) como um portal para acesso ao software de um pequeno grupo de profissionais de software. Embora nos esforcemos para garantir a precis\u00e3o das informa\u00e7\u00f5es colocadas neste site, n\u00e3o garantimos nem garantimos o [...]<\/p>","protected":false},"author":1,"featured_media":0,"parent":0,"menu_order":0,"comment_status":"closed","ping_status":"closed","template":"","meta":{"footnotes":""},"class_list":["post-181","page","type-page","status-publish","hentry"],"_links":{"self":[{"href":"https:\/\/www.e-eeasy.com\/pt\/wp-json\/wp\/v2\/pages\/181","targetHints":{"allow":["GET"]}}],"collection":[{"href":"https:\/\/www.e-eeasy.com\/pt\/wp-json\/wp\/v2\/pages"}],"about":[{"href":"https:\/\/www.e-eeasy.com\/pt\/wp-json\/wp\/v2\/types\/page"}],"author":[{"embeddable":true,"href":"https:\/\/www.e-eeasy.com\/pt\/wp-json\/wp\/v2\/users\/1"}],"replies":[{"embeddable":true,"href":"https:\/\/www.e-eeasy.com\/pt\/wp-json\/wp\/v2\/comments?post=181"}],"version-history":[{"count":0,"href":"https:\/\/www.e-eeasy.com\/pt\/wp-json\/wp\/v2\/pages\/181\/revisions"}],"wp:attachment":[{"href":"https:\/\/www.e-eeasy.com\/pt\/wp-json\/wp\/v2\/media?parent=181"}],"curies":[{"name":"wp","href":"https:\/\/api.w.org\/{rel}","templated":true}]}}