{"id":185,"date":"2023-09-18T14:29:23","date_gmt":"2023-09-18T14:29:23","guid":{"rendered":"https:\/\/www.e-eeasy.com\/?page_id=185"},"modified":"2023-09-18T14:29:25","modified_gmt":"2023-09-18T14:29:25","slug":"privacy-policy","status":"publish","type":"page","link":"https:\/\/www.e-eeasy.com\/pt\/privacy-policy\/","title":{"rendered":"pol\u00edtica de Privacidade"},"content":{"rendered":"<p>Se precisar de mais informa\u00e7\u00f5es ou tiver alguma d\u00favida sobre nossa pol\u00edtica de privacidade, n\u00e3o hesite em nos contatar pelo e-mail support@e-eeasy.com.<\/p>\n\n\n\n<!--more-->\n\n\n\n<p>Em www.e-eeasy.com, a privacidade dos nossos visitantes \u00e9 de extrema import\u00e2ncia para n\u00f3s. Este documento de pol\u00edtica de privacidade descreve os tipos de informa\u00e7\u00f5es pessoais recebidas e coletadas por www.e-eeasy.com e como elas s\u00e3o usadas.<\/p>\n\n\n\n<p><strong>Arquivos de registro<\/strong><br>Como muitos outros sites, www.e-eeasy.com utiliza arquivos de log. As informa\u00e7\u00f5es contidas nos arquivos de log incluem endere\u00e7os de protocolo de Internet (IP), tipo de navegador, provedor de servi\u00e7os de Internet (ISP), carimbo de data\/hora, p\u00e1ginas de refer\u00eancia\/sa\u00edda e n\u00famero de cliques para analisar tend\u00eancias, administrar o site, rastrear o movimento do usu\u00e1rio em todo o site e coletar informa\u00e7\u00f5es demogr\u00e1ficas. Endere\u00e7os IP e outras informa\u00e7\u00f5es n\u00e3o est\u00e3o vinculadas a nenhuma informa\u00e7\u00e3o que seja pessoalmente identific\u00e1vel.<\/p>\n\n\n\n<p><strong>Cookies e web beacons<\/strong><br>www.e-eeasy.com usa cookies para armazenar informa\u00e7\u00f5es sobre as prefer\u00eancias dos visitantes, registrar informa\u00e7\u00f5es espec\u00edficas do usu\u00e1rio sobre quais p\u00e1ginas o usu\u00e1rio acessa ou visita, personalizar o conte\u00fado da p\u00e1gina da Web com base no tipo de navegador do visitante ou outras informa\u00e7\u00f5es que o visitante envia atrav\u00e9s de seu navegador .<strong>Cookie DoubleClick DART<\/strong><\/p>\n\n\n\n<p>.:: O Google, como fornecedor terceirizado, utiliza cookies para veicular an\u00fancios em seu site.<br>.:: O uso do cookie DART pelo Google permite que ele veicule an\u00fancios aos seus usu\u00e1rios com base nas visitas deles aos seus sites e a outros sites na Internet.<br>.:: Os usu\u00e1rios podem optar por n\u00e3o usar o cookie DART visitando o an\u00fancio do Google e a pol\u00edtica de privacidade da rede de conte\u00fado no seguinte URL \u2013 https:\/\/www.google.com\/privacy_ads.html<\/p>\n\n\n\n<p>Alguns dos nossos parceiros publicit\u00e1rios podem utilizar cookies e web beacons no nosso site. Nossos parceiros de publicidade incluem \u2026\u2026.<br>An\u00fancios do Google<br>Jun\u00e7\u00e3o da Comiss\u00e3o<br>Banco de cliques<br>Amazonas<br>Kontera<\/p>\n\n\n\n<p>Esses servidores ou redes de an\u00fancios de terceiros usam tecnologia para enviar an\u00fancios e links que aparecem em www.e-eeasy.com diretamente para seus navegadores. Eles recebem automaticamente seu endere\u00e7o IP quando isso ocorre. Outras tecnologias (como cookies, JavaScript ou Web Beacons) tamb\u00e9m podem ser usadas pelas redes de an\u00fancios de terceiros para medir a efic\u00e1cia de seus an\u00fancios e\/ou para personalizar o conte\u00fado publicit\u00e1rio que voc\u00ea v\u00ea.<\/p>\n\n\n\n<p>www.e-eeasy.com n\u00e3o tem acesso ou controle sobre esses cookies que s\u00e3o usados por anunciantes terceiros.<\/p>\n\n\n\n<p>Voc\u00ea deve consultar as respectivas pol\u00edticas de privacidade desses servidores de an\u00fancios de terceiros para obter informa\u00e7\u00f5es mais detalhadas sobre suas pr\u00e1ticas, bem como para obter instru\u00e7\u00f5es sobre como cancelar determinadas pr\u00e1ticas. A pol\u00edtica de privacidade de www.e-eeasy.com n\u00e3o se aplica e n\u00e3o podemos controlar as atividades de outros anunciantes ou sites.<\/p>\n\n\n\n<p>Se desejar desativar os cookies, poder\u00e1 faz\u00ea-lo atrav\u00e9s das op\u00e7\u00f5es individuais do seu navegador. Informa\u00e7\u00f5es mais detalhadas sobre o gerenciamento de cookies com navegadores espec\u00edficos podem ser encontradas nos respectivos sites dos navegadores.<\/p>","protected":false},"excerpt":{"rendered":"<p>Se precisar de mais informa\u00e7\u00f5es ou tiver alguma d\u00favida sobre nossa pol\u00edtica de privacidade, n\u00e3o hesite em nos contatar pelo e-mail support@e-eeasy.com.<\/p>","protected":false},"author":1,"featured_media":0,"parent":0,"menu_order":0,"comment_status":"closed","ping_status":"closed","template":"","meta":{"footnotes":""},"class_list":["post-185","page","type-page","status-publish","hentry"],"_links":{"self":[{"href":"https:\/\/www.e-eeasy.com\/pt\/wp-json\/wp\/v2\/pages\/185","targetHints":{"allow":["GET"]}}],"collection":[{"href":"https:\/\/www.e-eeasy.com\/pt\/wp-json\/wp\/v2\/pages"}],"about":[{"href":"https:\/\/www.e-eeasy.com\/pt\/wp-json\/wp\/v2\/types\/page"}],"author":[{"embeddable":true,"href":"https:\/\/www.e-eeasy.com\/pt\/wp-json\/wp\/v2\/users\/1"}],"replies":[{"embeddable":true,"href":"https:\/\/www.e-eeasy.com\/pt\/wp-json\/wp\/v2\/comments?post=185"}],"version-history":[{"count":0,"href":"https:\/\/www.e-eeasy.com\/pt\/wp-json\/wp\/v2\/pages\/185\/revisions"}],"wp:attachment":[{"href":"https:\/\/www.e-eeasy.com\/pt\/wp-json\/wp\/v2\/media?parent=185"}],"curies":[{"name":"wp","href":"https:\/\/api.w.org\/{rel}","templated":true}]}}