{"id":31,"date":"2023-08-17T15:34:52","date_gmt":"2023-08-17T15:34:52","guid":{"rendered":"https:\/\/www.e-eeasy.com\/?page_id=31"},"modified":"2023-09-18T20:53:51","modified_gmt":"2023-09-18T20:53:51","slug":"free-smtp-server-list-smtp-servers","status":"publish","type":"page","link":"https:\/\/www.e-eeasy.com\/pt\/free-smtp-server-list-smtp-servers\/","title":{"rendered":"Lista de servidores SMTP gr\u00e1tis \u2013 Servidores SMTP"},"content":{"rendered":"<p class=\"has-text-align-center\"><a href=\"https:\/\/www.e-eeasy.com\/SMTP2Go.php\" target=\"_blank\" rel=\"noreferrer noopener nofollow\"><strong>Um servidor SMTP com garantia de funcionamento<\/strong><\/a><\/p>\n\n\n\n<p><strong>A LISTA ORIGINAL DE SERVIDORES SMTP \u2013 INICIADA EM 2003 E MUITO COPIADA<\/strong>\u00a0(<a href=\"https:\/\/www.smtpsoftware.com\/smtp-server-list\/\" target=\"_blank\" rel=\"noreferrer noopener\">E s\u00f3 melhorou uma vez!<\/a>) Se voc\u00ea vai encaminhar e-mails de uma conta POP3 ou apenas deseja enviar um e-mail antigo normal, voc\u00ea precisar\u00e1 de um\u00a0<strong>Servidor SMTP<\/strong>\u00a0para fazer o encaminhamento. A maioria dos servidores \u00e9 fornecida gratuitamente pelo provedor de servi\u00e7os, mas alguns, como o Yahoo, fazem voc\u00ea pagar. Abaixo est\u00e1 detalhado um\u00a0<strong>lista pesquis\u00e1vel de servidores SMTP para v\u00e1rios ISPs e provedores de e-mail<\/strong>. Para evitar qualquer chance de problemas ao usar o Easy Email Forwarding, recomendamos fortemente o uso do servidor SMTP correspondente ao servidor POP3 que cont\u00e9m sua conta, ou seja, a conta da qual voc\u00ea est\u00e1 encaminhando. Em outras palavras, se voc\u00ea deseja encaminhar a partir da sua conta do Hotmail, \u00e9 sempre melhor tentar primeiro usar o servidor SMTP do Hotmail, n\u00e3o \u00e9 necess\u00e1rio, mas \u00e9 melhor. Isto \u00e9 ainda mais importante em 2017 para garantir a entrega!<\/p>\n\n\n\n<!--more-->\n\n\n\n<p>Al\u00e9m de usar seus provedores de e-mail ou o servidor SMTP do ISP, est\u00e3o dispon\u00edveis v\u00e1rios servi\u00e7os que permitir\u00e3o que voc\u00ea use o servidor deles, n\u00e3o importa onde voc\u00ea esteja no mundo, recomendamos o servi\u00e7o gratuito&nbsp;<a href=\"https:\/\/www.e-eeasy.com\/SMTP2Go.php\" target=\"_blank\" rel=\"noreferrer noopener nofollow\">Servidor SMTP mundial SMTP2Go<\/a>&nbsp;(tamb\u00e9m \u00f3timo para viajantes). Este servi\u00e7o permitir\u00e1 que voc\u00ea envie e-mails sem se preocupar com onde voc\u00ea est\u00e1 ou quais portas seu ISP (ou gateway de internet no momento) pode estar bloqueando. Este \u00e9 realmente um problema bastante comum e v\u00e1rios ISPs restringem o correio de sa\u00edda para seus servidores pela porta 25. Eu sei que parece complicado, mas como usu\u00e1rio voc\u00ea s\u00f3 percebe um problema quando seu laptop ou dispositivo port\u00e1til se recusa a enviar seu e-mail. O servi\u00e7o SMTP2Go contorna isso de uma forma muito simples e permite que voc\u00ea use as mesmas configura\u00e7\u00f5es para seu e-mail em todos os programas e em todos os dispositivos, n\u00e3o importa onde voc\u00ea esteja.<\/p>\n\n\n\n<p>Finalmente, compreendemos que algumas empresas podem estar \u00e0 procura de um&nbsp;<strong>Servidor SMTP a ser usado para enviar e-mail \u00e0 lista de discuss\u00e3o inscrita?<\/strong>&nbsp;Simplificando, recomendamos fortemente que voc\u00ea n\u00e3o use nenhum servidor de e-mail de miss\u00e3o cr\u00edtica para isso! Mesmo que sua lista de assinantes seja exclusivamente opt-in, ainda \u00e9 poss\u00edvel encontrar problemas e uma poss\u00edvel lista negra. Para operadores de pequena escala, recomendamos o SMTP2GO novamente, simplesmente porque seus relat\u00f3rios extras (Feedback Loops, Blacklist Monitoring, Spamtrap Detection, Bounce Tracking, Real-Time Analytics etc etc) o tornam uma solu\u00e7\u00e3o completa para distribui\u00e7\u00e3o de e-mail e com at\u00e9 1.000 e-mails por m\u00eas completamente gr\u00e1tis, voc\u00ea n\u00e3o pode errar. O feedback que ouvimos \u00e9 exclusivamente positivo. Para opera\u00e7\u00f5es maiores, eles t\u00eam v\u00e1rios n\u00edveis de assinatura, mas, novamente, voc\u00ea sempre pode come\u00e7ar com o&nbsp;<strong>Conta gratis<\/strong>&nbsp;para test\u00e1-lo.<\/p>\n\n\n\n<p>Se voc\u00ea n\u00e3o consegue encontrar o servidor que procura na lista abaixo, mas consegue encontr\u00e1-lo em outra fonte, envie um e-mail para support@e-eeasy.com com o assunto Novo Servidor Smtp e inclua o provedor e o servidor endere\u00e7o. Depois vou adicion\u00e1-lo \u00e0 lista, \u00e9 bom compartilhar!<\/p>\n\n\n\n<p><strong>[nome do scu = \u201dlista de servidores smtp\u201d]<\/strong><\/p>\n\n\n\n<p><strong>Ainda n\u00e3o consegue encontrar o servidor que procura?<\/strong>&nbsp;Recomendamos um servi\u00e7o chamado&nbsp;<a href=\"https:\/\/www.e-eeasy.com\/SMTP2Go.php\" target=\"_blank\" rel=\"noreferrer noopener nofollow\">SMTP2Go<\/a>. Eles podem fornecer detalhes de autentica\u00e7\u00e3o para seu servidor SMTP, o que permitir\u00e1 que voc\u00ea envie e-mails de qualquer lugar do mundo, de qualquer dispositivo que suporte SMTP (laptops, PDAs, iPhone, dispositivos Android, etc.). Voc\u00ea mant\u00e9m seus endere\u00e7os de e-mail existentes e apenas usa o servidor deles para fazer o envio, \u00e9 simples assim.<\/p>\n\n\n\n<h3 class=\"wp-block-heading\">Por que a necessidade de uma lista de servidores SMTP?<\/h3>\n\n\n\n<p>Num mundo ideal um&nbsp;<strong>lista de <a href=\"https:\/\/www.smtp-server.net\/\" target=\"_blank\" data-type=\"link\" data-id=\"https:\/\/www.smtp-server.net\/\" rel=\"noreferrer noopener\">Servidores SMTP<\/a><\/strong>&nbsp;como o acima n\u00e3o seria necess\u00e1rio. Os ISPs levariam a s\u00e9rio suas responsabilidades de fornecer uma plataforma de e-mail e todos n\u00f3s poder\u00edamos enviar e-mails alegremente sem problemas. Afinal, SMTP significa Simple Mail Transfer Protocol. N\u00e3o \u00e9 um mundo ideal e s\u00e3o os ISPs que trazem cerca de 99% da necessidade desta lista.<\/p>\n\n\n\n<p>Para come\u00e7ar, um grande n\u00famero de ISPs enterram os detalhes de seus servidores SMTP profundamente em seus sites. Isso requer um diploma em Google avan\u00e7ado ou talvez apenas uma sorte cega para encontrar. N\u00e3o tenho ideia de por que eles s\u00e3o t\u00e3o secretos, presumo que tenha algo a ver com eles acreditarem que isso impedir\u00e1 que os spammers abusem de seus servidores SMTP, algo totalmente desnecess\u00e1rio, desde que usem autentica\u00e7\u00e3o.<\/p>\n\n\n\n<p>Os pr\u00f3ximos problemas est\u00e3o conectados. Alguns ISPs n\u00e3o permitem o envio de e-mails pela porta 25 (a porta para SMTP), a menos que seja por meio de um de seus servidores. Eles s\u00f3 permitem&nbsp;<strong>Retransmiss\u00e3o SMTP<\/strong>&nbsp;atrav\u00e9s do que eles podem controlar diretamente. Tudo isso \u00e9 bom e elegante, exceto quando eles n\u00e3o tornam esses detalhes facilmente acess\u00edveis (veja o ponto acima) ou quando voc\u00ea decide viajar a neg\u00f3cios ou de f\u00e9rias. Porque quando eles fazem isso, muitos ISPs tamb\u00e9m s\u00f3 permitem que voc\u00ea envie atrav\u00e9s do SMTP quando voc\u00ea se conecta \u00e0 Internet usando a conex\u00e3o deles. Isso significa que quando voc\u00ea viaja voc\u00ea n\u00e3o tem como enviar e-mails usando o servidor deles, o servidor SMTP que voc\u00ea foi for\u00e7ado a usar em casa. Ent\u00e3o voc\u00ea est\u00e1 viajando a neg\u00f3cios, mas quando envia um e-mail recebe a temida mensagem de erro \u201cn\u00e3o \u00e9 poss\u00edvel enviar\u201d. Seu ISP for\u00e7ou a necessidade de voc\u00ea ter acesso a outro servidor de retransmiss\u00e3o SMTP. A lista acima ajuda fornecendo detalhes SMTP de muitos dos servi\u00e7os de correio gratuitos e pagos que abundam na Internet.<\/p>\n\n\n\n<p>Ent\u00e3o, como voc\u00ea pode ver, o motivo da lista de servidores SMTP ser simples, \u00e9 para ajud\u00e1-lo a encontrar o servidor SMTP para seu provedor de ISP\/mail e, talvez mais importante, para lhe dar op\u00e7\u00f5es quando voc\u00ea estiver viajando.<\/p>\n\n\n\n<h3 class=\"wp-block-heading\">Como encontro o servidor SMTP para meu ISP?<\/h3>\n\n\n\n<p>Se o seu ISP ou provedor de e-mail n\u00e3o for mencionado no&nbsp;<a href=\"https:\/\/www.smtpsoftware.com\/smtp-server-list\/\" target=\"_blank\" rel=\"noreferrer noopener\">lista de servidores SMTP<\/a>&nbsp;acima, pode ser muito mais f\u00e1cil do que voc\u00ea pensa encontrar o SMTP do seu provedor. A maioria usa um prefixo comum para seu servidor de e-mail, por exemplo, se voc\u00ea estivesse se conectando \u00e0 Internet com myisp.com, o servidor de e-mail normalmente estaria localizado em mail.myisp.com ou smtp.myisp.com ou similar (os 3 prefixos mais comuns s\u00e3o e-mail, correio e smtp). Tudo o que voc\u00ea precisa saber \u00e9 que os servidores SMTP escutam na porta 25, o que torna muito f\u00e1cil ver se h\u00e1 um servidor SMTP ativo usando Telnet. Aqui est\u00e3o algumas instru\u00e7\u00f5es b\u00e1sicas (para usu\u00e1rios do Windows): \u2013<br><br>1. Abra o prompt de comando em seu PC pesquisando \u201ccmd\u201d ou digitando \u201ccmd\u201d no prompt de execu\u00e7\u00e3o<br>2. No prompt de comando, digite Telnet mail.myisp.com 25 (assumindo que estamos procurando o servidor SMTP para myisp.com)<br>3. Se voc\u00ea receber uma resposta do servidor SMTP, parab\u00e9ns, voc\u00ea acabou de encontrar seu servidor. Caso contr\u00e1rio, repita a etapa 2 tentando outros prefixos (e-mail, etc.)<\/p>\n\n\n\n<p>Lembre-se de que se tudo mais falhar, o SMTP2Go fornece um&nbsp;<a href=\"https:\/\/www.e-eeasy.com\/SMTP2Go.php\" target=\"_blank\" rel=\"noreferrer noopener nofollow\">servidor SMTP gratuito<\/a>&nbsp;que voc\u00ea pode usar de qualquer lugar e com qualquer conta de e-mail. Por alguns d\u00f3lares por ano, isso realmente elimina todo o inc\u00f4modo de enviar e-mails, sei que estamos insistindo nisso, mas, honestamente, \u00e9 o que usamos e n\u00e3o posso dizer quantas horas economizamos bagun\u00e7ando tentando enviar mensagens.<\/p>\n\n\n\n<h3 class=\"wp-block-heading\">N\u00e3o consegue encontrar seu servidor SMTP ou encontrou algo errado com a lista, entre em contato.<\/h3>","protected":false},"excerpt":{"rendered":"<p>Um servidor SMTP com garantia de funcionamento A LISTA ORIGINAL DE SERVIDORES SMTP - INICIADA EM 2003 E MUITO COPIADA (e apenas melhorada uma vez!) Se voc\u00ea vai encaminhar e-mails de uma conta POP3 ou apenas deseja enviar um e-mail antigo normal mail voc\u00ea precisar\u00e1 de um servidor SMTP para fazer o encaminhamento. A maioria dos servidores [...]<\/p>","protected":false},"author":1,"featured_media":0,"parent":0,"menu_order":0,"comment_status":"closed","ping_status":"closed","template":"","meta":{"footnotes":""},"class_list":["post-31","page","type-page","status-publish","hentry"],"_links":{"self":[{"href":"https:\/\/www.e-eeasy.com\/pt\/wp-json\/wp\/v2\/pages\/31","targetHints":{"allow":["GET"]}}],"collection":[{"href":"https:\/\/www.e-eeasy.com\/pt\/wp-json\/wp\/v2\/pages"}],"about":[{"href":"https:\/\/www.e-eeasy.com\/pt\/wp-json\/wp\/v2\/types\/page"}],"author":[{"embeddable":true,"href":"https:\/\/www.e-eeasy.com\/pt\/wp-json\/wp\/v2\/users\/1"}],"replies":[{"embeddable":true,"href":"https:\/\/www.e-eeasy.com\/pt\/wp-json\/wp\/v2\/comments?post=31"}],"version-history":[{"count":0,"href":"https:\/\/www.e-eeasy.com\/pt\/wp-json\/wp\/v2\/pages\/31\/revisions"}],"wp:attachment":[{"href":"https:\/\/www.e-eeasy.com\/pt\/wp-json\/wp\/v2\/media?parent=31"}],"curies":[{"name":"wp","href":"https:\/\/api.w.org\/{rel}","templated":true}]}}