{"id":37,"date":"2023-08-17T15:56:14","date_gmt":"2023-08-17T15:56:14","guid":{"rendered":"https:\/\/www.e-eeasy.com\/?page_id=37"},"modified":"2023-09-18T20:54:54","modified_gmt":"2023-09-18T20:54:54","slug":"software-support","status":"publish","type":"page","link":"https:\/\/www.e-eeasy.com\/pt\/software-support\/","title":{"rendered":"Suporte de Software"},"content":{"rendered":"<h2 class=\"wp-block-heading\">Sempre tentamos apoiar nossos usu\u00e1rios<\/h2>\n\n\n\n<p>Qualquer software dispon\u00edvel no site E-eeasy.com que possa ser baixado gratuitamente ser\u00e1 suportado a nosso crit\u00e9rio, mas sempre faremos o poss\u00edvel para ajudar. Antes de pedir ajuda, leia o arquivo leia-me que acompanha cada programa. Alguns programas tamb\u00e9m t\u00eam perguntas frequentes detalhadas dispon\u00edveis. Por favor, leia as perguntas frequentes antes de entrar em contato conosco.<\/p>\n\n\n\n<!--more-->\n\n\n\n<p>Se a resposta para o seu problema n\u00e3o estiver no leia-me ou nas perguntas frequentes, sinta-se \u00e0 vontade para&nbsp;<a href=\"mailto:support@e-eeasy.com\" target=\"_blank\" rel=\"noreferrer noopener\">e-mail e-eeasy.com<\/a>&nbsp;com sua pergunta, inclua no m\u00ednimo os seguintes detalhes: -<\/p>\n\n\n\n<ul class=\"wp-block-list\">\n<li>\u2013 O software com o qual voc\u00ea est\u00e1 tendo problemas (incluindo o n\u00famero da vers\u00e3o)<\/li>\n\n\n\n<li>\u2013 Seu sistema operacional<\/li>\n\n\n\n<li>\u2013 Se o software funcionar pela Internet, o tipo de conex\u00e3o \u00e0 Internet que voc\u00ea est\u00e1 usando (dial-up\/ADSL etc.)<\/li>\n\n\n\n<li>\u2013 Uma descri\u00e7\u00e3o t\u00e3o completa quanto poss\u00edvel do problema que voc\u00ea est\u00e1 enfrentando<\/li>\n<\/ul>\n\n\n\n<p>Nenhuma garantia ser\u00e1 dada em rela\u00e7\u00e3o aos tempos de resposta, mas esteja ciente de que estamos sediados no Reino Unido, portanto trabalhamos no hor\u00e1rio do Reino Unido. Se voc\u00ea baixou um programa atrav\u00e9s do sistema TrialPay ou pagando por ele, informe-nos em sua solicita\u00e7\u00e3o de suporte. Quaisquer solicita\u00e7\u00f5es de suporte para downloads pagos ou downloads TrialPay ter\u00e3o prioridade.<\/p>\n\n\n\n<p><strong>Esteja ciente de que todo o nosso software foi escrito para a plataforma Windows - n\u00e3o para Macs ou Linu<\/strong>x<\/p>","protected":false},"excerpt":{"rendered":"<p>Sempre tentamos oferecer suporte aos nossos usu\u00e1rios Qualquer software dispon\u00edvel no site E-eeasy.com que possa ser baixado gratuitamente ser\u00e1 suportado a nosso crit\u00e9rio, mas sempre faremos o poss\u00edvel para ajudar. Antes de pedir ajuda, leia o arquivo leia-me que acompanha cada programa. Alguns programas tamb\u00e9m [...]<\/p>","protected":false},"author":1,"featured_media":0,"parent":0,"menu_order":0,"comment_status":"closed","ping_status":"closed","template":"","meta":{"footnotes":""},"class_list":["post-37","page","type-page","status-publish","hentry"],"_links":{"self":[{"href":"https:\/\/www.e-eeasy.com\/pt\/wp-json\/wp\/v2\/pages\/37","targetHints":{"allow":["GET"]}}],"collection":[{"href":"https:\/\/www.e-eeasy.com\/pt\/wp-json\/wp\/v2\/pages"}],"about":[{"href":"https:\/\/www.e-eeasy.com\/pt\/wp-json\/wp\/v2\/types\/page"}],"author":[{"embeddable":true,"href":"https:\/\/www.e-eeasy.com\/pt\/wp-json\/wp\/v2\/users\/1"}],"replies":[{"embeddable":true,"href":"https:\/\/www.e-eeasy.com\/pt\/wp-json\/wp\/v2\/comments?post=37"}],"version-history":[{"count":0,"href":"https:\/\/www.e-eeasy.com\/pt\/wp-json\/wp\/v2\/pages\/37\/revisions"}],"wp:attachment":[{"href":"https:\/\/www.e-eeasy.com\/pt\/wp-json\/wp\/v2\/media?parent=37"}],"curies":[{"name":"wp","href":"https:\/\/api.w.org\/{rel}","templated":true}]}}